{"id":31988,"date":"2022-05-17T20:15:13","date_gmt":"2022-05-17T18:15:13","guid":{"rendered":"https:\/\/sogeni.com\/?page_id=31988"},"modified":"2022-05-22T22:03:12","modified_gmt":"2022-05-22T20:03:12","slug":"contact_light_an","status":"publish","type":"page","link":"https:\/\/sogeni.com\/en\/contact_light_an\/","title":{"rendered":"CONTACT_light"},"content":{"rendered":"<p>[et_pb_section fb_built=&#8221;1&#8243; admin_label=&#8221;Page Title Section&#8221; _builder_version=&#8221;4.14.2&#8243; background_image=&#8221;https:\/\/sogeni.theswisspeak.ch\/wp-content\/uploads\/2021\/09\/christopher-gower-vjMgqUkS8q8-unsplash-scaled.jpg&#8221; height=&#8221;100px&#8221; max_height=&#8221;100px&#8221; custom_padding=&#8221;||22px||false|false&#8221; hover_enabled=&#8221;0&#8243; global_colors_info=&#8221;{}&#8221; sticky_enabled=&#8221;0&#8243;][et_pb_row admin_label=&#8221;Page Title Area&#8221; _builder_version=&#8221;4.14.2&#8243; background_size=&#8221;initial&#8221; background_position=&#8221;top_left&#8221; background_repeat=&#8221;repeat&#8221; custom_margin=&#8221;-70px||||false|false&#8221; custom_padding=&#8221;||||false|false&#8221; hover_enabled=&#8221;0&#8243; global_colors_info=&#8221;{}&#8221; max_height=&#8221;100px&#8221; height=&#8221;100px&#8221; sticky_enabled=&#8221;0&#8243;][et_pb_column type=&#8221;4_4&#8243; _builder_version=&#8221;4.14.2&#8243; custom_padding=&#8221;||||false|false&#8221; hover_enabled=&#8221;0&#8243; global_colors_info=&#8221;{}&#8221; custom_padding__hover=&#8221;|||&#8221; sticky_enabled=&#8221;0&#8243;][et_pb_text admin_label=&#8221;Page Title&#8221; _builder_version=&#8221;4.14.2&#8243; text_font=&#8221;||||||||&#8221; text_font_size=&#8221;18px&#8221; text_line_height=&#8221;2em&#8221; link_font=&#8221;||||||||&#8221; ul_font=&#8221;||||||||&#8221; ol_font=&#8221;||||||||&#8221; quote_font=&#8221;||||||||&#8221; header_font=&#8221;Prata||||||||&#8221; header_font_size=&#8221;60px&#8221; header_line_height=&#8221;1.6em&#8221; header_2_font=&#8221;||||||||&#8221; header_3_font=&#8221;||||||||&#8221; header_4_font=&#8221;||||||||&#8221; header_5_font=&#8221;||||||||&#8221; header_6_font=&#8221;||||||||&#8221; background_color=&#8221;rgba(0,0,0,0.21)&#8221; text_orientation=&#8221;center&#8221; background_layout=&#8221;dark&#8221; max_width=&#8221;700px&#8221; module_alignment=&#8221;center&#8221; custom_margin=&#8221;||||false|false&#8221; animation_style=&#8221;fade&#8221; hover_enabled=&#8221;0&#8243; header_font_size_tablet=&#8221;40px&#8221; header_font_size_phone=&#8221;&#8221; header_font_size_last_edited=&#8221;on|tablet&#8221; text_text_shadow_style=&#8221;preset1&#8243; header_text_shadow_style=&#8221;preset1&#8243; global_colors_info=&#8221;{}&#8221; height=&#8221;80px&#8221; max_height=&#8221;88px&#8221; sticky_enabled=&#8221;0&#8243; custom_padding=&#8221;||||false|false&#8221;]<\/p>\n<h1>Contact Sogeni<\/h1>\n<p>[\/et_pb_text][\/et_pb_column][\/et_pb_row][\/et_pb_section][et_pb_section fb_built=&#8221;1&#8243; admin_label=&#8221;Get In Touch Section&#8221; _builder_version=&#8221;4.14.2&#8243; background_color=&#8221;RGBA(0,0,0,0)&#8221; custom_margin=&#8221;||||false|false&#8221; custom_padding=&#8221;5px||22px||false|false&#8221; hover_enabled=&#8221;0&#8243; border_style_all=&#8221;none&#8221; global_colors_info=&#8221;{}&#8221; sticky_enabled=&#8221;0&#8243; min_height=&#8221;461px&#8221;][et_pb_row _builder_version=&#8221;4.14.2&#8243; custom_padding=&#8221;7px|||||&#8221; hover_enabled=&#8221;0&#8243; global_colors_info=&#8221;{}&#8221; min_height=&#8221;411px&#8221; sticky_enabled=&#8221;0&#8243;][et_pb_column type=&#8221;4_4&#8243; _builder_version=&#8221;3.25&#8243; custom_padding=&#8221;|||&#8221; global_colors_info=&#8221;{}&#8221; custom_padding__hover=&#8221;|||&#8221;][et_pb_contact_form use_spam_service=&#8221;on&#8221; recaptcha_list=&#8221;Sogeni captcha|Sogeni captcha-0&#8243; email=&#8221;info@sogeni.com&#8221; success_message=&#8221;Your request was well received. We will get back to you as soon as possible. &#8221; submit_button_text=&#8221;Send request&#8221; module_id=&#8221;et_pb_contact_form_0&#8243; _builder_version=&#8221;4.14.2&#8243; _unique_id=&#8221;404591eb-c952-4a84-83f4-a87ac2bc99a0&#8243; form_field_background_color=&#8221;rgba(0,0,0,0)&#8221; title_level=&#8221;h2&#8243; title_font=&#8221;Prata||||||||&#8221; title_font_size=&#8221;42px&#8221; title_line_height=&#8221;1.4em&#8221; form_field_font=&#8221;||||||||&#8221; form_field_font_size=&#8221;16px&#8221; custom_button=&#8221;on&#8221; button_text_size=&#8221;14px&#8221; button_text_color=&#8221;#FFFFFF&#8221; button_bg_color=&#8221;#B0291D&#8221; button_border_width=&#8221;12px&#8221; button_border_color=&#8221;#B0291D&#8221; button_border_radius=&#8221;0px&#8221; button_letter_spacing=&#8221;4px&#8221; button_font=&#8221;|700||on|||||&#8221; button_icon=&#8221;&#x24;||divi||400&#8243; custom_margin=&#8221;|||&#8221; custom_padding=&#8221;|||&#8221; animation_style=&#8221;slide&#8221; animation_direction=&#8221;right&#8221; animation_intensity_slide=&#8221;5%&#8221; animation_starting_opacity=&#8221;100%&#8221; border_width_all=&#8221;1px&#8221; border_color_all=&#8221;rgba(0,0,0,0.12)&#8221; border_style_all=&#8221;solid&#8221; form_background_color=&#8221;rgba(0,0,0,0)&#8221; global_colors_info=&#8221;{}&#8221;][et_pb_contact_field field_id=&#8221;Nom&#8221; field_title=&#8221;First name, Name *&#8221; _builder_version=&#8221;4.14.2&#8243; global_colors_info=&#8221;{}&#8221; button_text_size__hover_enabled=&#8221;off&#8221; button_one_text_size__hover_enabled=&#8221;off&#8221; button_two_text_size__hover_enabled=&#8221;off&#8221; button_text_color__hover_enabled=&#8221;off&#8221; button_one_text_color__hover_enabled=&#8221;off&#8221; button_two_text_color__hover_enabled=&#8221;off&#8221; button_border_width__hover_enabled=&#8221;off&#8221; button_one_border_width__hover_enabled=&#8221;off&#8221; button_two_border_width__hover_enabled=&#8221;off&#8221; button_border_color__hover_enabled=&#8221;off&#8221; button_one_border_color__hover_enabled=&#8221;off&#8221; button_two_border_color__hover_enabled=&#8221;off&#8221; button_border_radius__hover_enabled=&#8221;off&#8221; button_one_border_radius__hover_enabled=&#8221;off&#8221; button_two_border_radius__hover_enabled=&#8221;off&#8221; button_letter_spacing__hover_enabled=&#8221;off&#8221; button_one_letter_spacing__hover_enabled=&#8221;off&#8221; button_two_letter_spacing__hover_enabled=&#8221;off&#8221; button_bg_color__hover_enabled=&#8221;off&#8221; button_one_bg_color__hover_enabled=&#8221;off&#8221; button_two_bg_color__hover_enabled=&#8221;off&#8221;][\/et_pb_contact_field][et_pb_contact_field field_id=&#8221;Email&#8221; field_title=&#8221;e-mail address *&#8221; field_type=&#8221;email&#8221; _builder_version=&#8221;4.14.2&#8243; global_colors_info=&#8221;{}&#8221; button_text_size__hover_enabled=&#8221;off&#8221; button_one_text_size__hover_enabled=&#8221;off&#8221; button_two_text_size__hover_enabled=&#8221;off&#8221; button_text_color__hover_enabled=&#8221;off&#8221; button_one_text_color__hover_enabled=&#8221;off&#8221; button_two_text_color__hover_enabled=&#8221;off&#8221; button_border_width__hover_enabled=&#8221;off&#8221; button_one_border_width__hover_enabled=&#8221;off&#8221; button_two_border_width__hover_enabled=&#8221;off&#8221; button_border_color__hover_enabled=&#8221;off&#8221; button_one_border_color__hover_enabled=&#8221;off&#8221; button_two_border_color__hover_enabled=&#8221;off&#8221; button_border_radius__hover_enabled=&#8221;off&#8221; button_one_border_radius__hover_enabled=&#8221;off&#8221; button_two_border_radius__hover_enabled=&#8221;off&#8221; button_letter_spacing__hover_enabled=&#8221;off&#8221; button_one_letter_spacing__hover_enabled=&#8221;off&#8221; button_two_letter_spacing__hover_enabled=&#8221;off&#8221; button_bg_color__hover_enabled=&#8221;off&#8221; button_one_bg_color__hover_enabled=&#8221;off&#8221; button_two_bg_color__hover_enabled=&#8221;off&#8221;][\/et_pb_contact_field][et_pb_contact_field field_id=&#8221;T\u00e9l\u00e9phone&#8221; field_title=&#8221;Phone no.&#8221; required_mark=&#8221;off&#8221; _builder_version=&#8221;4.14.2&#8243; _module_preset=&#8221;default&#8221; global_colors_info=&#8221;{}&#8221;][\/et_pb_contact_field][et_pb_contact_field field_id=&#8221;Brochure&#8221; field_title=&#8221; &#8221; field_type=&#8221;checkbox&#8221; checkbox_options=&#8221;%91{%22value%22:%22Please send me your documentation%22,%22checked%22:0,%22dragID%22:-1}%93&#8243; required_mark=&#8221;off&#8221; _builder_version=&#8221;4.14.2&#8243; _module_preset=&#8221;default&#8221; global_colors_info=&#8221;{}&#8221;][\/et_pb_contact_field][et_pb_contact_field field_id=&#8221;Message&#8221; field_title=&#8221;Message&#8221; field_type=&#8221;text&#8221; required_mark=&#8221;off&#8221; fullwidth_field=&#8221;on&#8221; _builder_version=&#8221;4.14.2&#8243; global_colors_info=&#8221;{}&#8221; button_text_size__hover_enabled=&#8221;off&#8221; button_one_text_size__hover_enabled=&#8221;off&#8221; button_two_text_size__hover_enabled=&#8221;off&#8221; button_text_color__hover_enabled=&#8221;off&#8221; button_one_text_color__hover_enabled=&#8221;off&#8221; button_two_text_color__hover_enabled=&#8221;off&#8221; button_border_width__hover_enabled=&#8221;off&#8221; button_one_border_width__hover_enabled=&#8221;off&#8221; button_two_border_width__hover_enabled=&#8221;off&#8221; button_border_color__hover_enabled=&#8221;off&#8221; button_one_border_color__hover_enabled=&#8221;off&#8221; button_two_border_color__hover_enabled=&#8221;off&#8221; button_border_radius__hover_enabled=&#8221;off&#8221; button_one_border_radius__hover_enabled=&#8221;off&#8221; button_two_border_radius__hover_enabled=&#8221;off&#8221; button_letter_spacing__hover_enabled=&#8221;off&#8221; button_one_letter_spacing__hover_enabled=&#8221;off&#8221; button_two_letter_spacing__hover_enabled=&#8221;off&#8221; button_bg_color__hover_enabled=&#8221;off&#8221; button_one_bg_color__hover_enabled=&#8221;off&#8221; button_two_bg_color__hover_enabled=&#8221;off&#8221;][\/et_pb_contact_field][\/et_pb_contact_form][\/et_pb_column][\/et_pb_row][\/et_pb_section]<\/p>\n","protected":false},"excerpt":{"rendered":"<p>Contact Sogeni<\/p>\n","protected":false},"author":2,"featured_media":0,"parent":0,"menu_order":0,"comment_status":"closed","ping_status":"closed","template":"","meta":{"_et_pb_use_builder":"on","_et_pb_old_content":"","_et_gb_content_width":"","footnotes":""},"class_list":["post-31988","page","type-page","status-publish","hentry"],"yoast_head":"<!-- This site is optimized with the Yoast SEO plugin v27.1.1 - https:\/\/yoast.com\/product\/yoast-seo-wordpress\/ -->\n<title>Get in direct contact with genealogy specialists &#8226; Sogeni<\/title>\n<meta name=\"description\" content=\"Sogeni is at your disposal for all requests and information concerning inheritance genealogy and heir searches.\" \/>\n<meta name=\"robots\" content=\"index, follow, max-snippet:-1, max-image-preview:large, max-video-preview:-1\" \/>\n<link rel=\"canonical\" href=\"https:\/\/sogeni.com\/contact_light\/\" \/>\n<meta property=\"og:locale\" content=\"en_US\" \/>\n<meta property=\"og:type\" content=\"article\" \/>\n<meta property=\"og:title\" content=\"Get in direct contact with genealogy specialists &#8226; Sogeni\" \/>\n<meta property=\"og:description\" content=\"Sogeni is at your disposal for all requests and information concerning inheritance genealogy and heir searches.\" \/>\n<meta property=\"og:url\" content=\"https:\/\/sogeni.com\/contact_light\/\" \/>\n<meta property=\"og:site_name\" content=\"Sogeni\" \/>\n<meta property=\"article:modified_time\" content=\"2022-05-22T20:03:12+00:00\" \/>\n<meta name=\"twitter:card\" content=\"summary_large_image\" \/>\n<meta name=\"twitter:label1\" content=\"Est. reading time\" \/>\n\t<meta name=\"twitter:data1\" content=\"5 minutes\" \/>\n<script type=\"application\/ld+json\" class=\"yoast-schema-graph\">{\"@context\":\"https:\/\/schema.org\",\"@graph\":[{\"@type\":\"WebPage\",\"@id\":\"https:\/\/sogeni.com\/contact_light\/\",\"url\":\"https:\/\/sogeni.com\/contact_light\/\",\"name\":\"Get in direct contact with genealogy specialists &#8226; Sogeni\",\"isPartOf\":{\"@id\":\"https:\/\/sogeni.com\/#website\"},\"datePublished\":\"2022-05-17T18:15:13+00:00\",\"dateModified\":\"2022-05-22T20:03:12+00:00\",\"description\":\"Sogeni is at your disposal for all requests and information concerning inheritance genealogy and heir searches.\",\"breadcrumb\":{\"@id\":\"https:\/\/sogeni.com\/contact_light\/#breadcrumb\"},\"inLanguage\":\"en-US\",\"potentialAction\":[{\"@type\":\"ReadAction\",\"target\":[\"https:\/\/sogeni.com\/contact_light\/\"]}]},{\"@type\":\"BreadcrumbList\",\"@id\":\"https:\/\/sogeni.com\/contact_light\/#breadcrumb\",\"itemListElement\":[{\"@type\":\"ListItem\",\"position\":1,\"name\":\"Accueil\",\"item\":\"https:\/\/sogeni.com\/en\/\"},{\"@type\":\"ListItem\",\"position\":2,\"name\":\"CONTACT_light\"}]},{\"@type\":\"WebSite\",\"@id\":\"https:\/\/sogeni.com\/#website\",\"url\":\"https:\/\/sogeni.com\/\",\"name\":\"Sogeni\",\"description\":\"Recherches d&#039;h\u00e9ritiers, g\u00e9n\u00e9alogie successorale.\",\"publisher\":{\"@id\":\"https:\/\/sogeni.com\/#organization\"},\"potentialAction\":[{\"@type\":\"SearchAction\",\"target\":{\"@type\":\"EntryPoint\",\"urlTemplate\":\"https:\/\/sogeni.com\/?s={search_term_string}\"},\"query-input\":{\"@type\":\"PropertyValueSpecification\",\"valueRequired\":true,\"valueName\":\"search_term_string\"}}],\"inLanguage\":\"en-US\"},{\"@type\":\"Organization\",\"@id\":\"https:\/\/sogeni.com\/#organization\",\"name\":\"Sogeni SA\",\"url\":\"https:\/\/sogeni.com\/\",\"logo\":{\"@type\":\"ImageObject\",\"inLanguage\":\"en-US\",\"@id\":\"https:\/\/sogeni.com\/#\/schema\/logo\/image\/\",\"url\":\"https:\/\/sogeni.theswisspeak.ch\/wp-content\/uploads\/2021\/08\/Logo_Sogeni_0.png\",\"contentUrl\":\"https:\/\/sogeni.theswisspeak.ch\/wp-content\/uploads\/2021\/08\/Logo_Sogeni_0.png\",\"width\":656,\"height\":900,\"caption\":\"Sogeni SA\"},\"image\":{\"@id\":\"https:\/\/sogeni.com\/#\/schema\/logo\/image\/\"}}]}<\/script>\n<!-- \/ Yoast SEO plugin. -->","yoast_head_json":{"title":"Get in direct contact with genealogy specialists &#8226; Sogeni","description":"Sogeni is at your disposal for all requests and information concerning inheritance genealogy and heir searches.","robots":{"index":"index","follow":"follow","max-snippet":"max-snippet:-1","max-image-preview":"max-image-preview:large","max-video-preview":"max-video-preview:-1"},"canonical":"https:\/\/sogeni.com\/contact_light\/","og_locale":"en_US","og_type":"article","og_title":"Get in direct contact with genealogy specialists &#8226; Sogeni","og_description":"Sogeni is at your disposal for all requests and information concerning inheritance genealogy and heir searches.","og_url":"https:\/\/sogeni.com\/contact_light\/","og_site_name":"Sogeni","article_modified_time":"2022-05-22T20:03:12+00:00","twitter_card":"summary_large_image","twitter_misc":{"Est. reading time":"5 minutes"},"schema":{"@context":"https:\/\/schema.org","@graph":[{"@type":"WebPage","@id":"https:\/\/sogeni.com\/contact_light\/","url":"https:\/\/sogeni.com\/contact_light\/","name":"Get in direct contact with genealogy specialists &#8226; Sogeni","isPartOf":{"@id":"https:\/\/sogeni.com\/#website"},"datePublished":"2022-05-17T18:15:13+00:00","dateModified":"2022-05-22T20:03:12+00:00","description":"Sogeni is at your disposal for all requests and information concerning inheritance genealogy and heir searches.","breadcrumb":{"@id":"https:\/\/sogeni.com\/contact_light\/#breadcrumb"},"inLanguage":"en-US","potentialAction":[{"@type":"ReadAction","target":["https:\/\/sogeni.com\/contact_light\/"]}]},{"@type":"BreadcrumbList","@id":"https:\/\/sogeni.com\/contact_light\/#breadcrumb","itemListElement":[{"@type":"ListItem","position":1,"name":"Accueil","item":"https:\/\/sogeni.com\/en\/"},{"@type":"ListItem","position":2,"name":"CONTACT_light"}]},{"@type":"WebSite","@id":"https:\/\/sogeni.com\/#website","url":"https:\/\/sogeni.com\/","name":"Sogeni","description":"Recherches d&#039;h\u00e9ritiers, g\u00e9n\u00e9alogie successorale.","publisher":{"@id":"https:\/\/sogeni.com\/#organization"},"potentialAction":[{"@type":"SearchAction","target":{"@type":"EntryPoint","urlTemplate":"https:\/\/sogeni.com\/?s={search_term_string}"},"query-input":{"@type":"PropertyValueSpecification","valueRequired":true,"valueName":"search_term_string"}}],"inLanguage":"en-US"},{"@type":"Organization","@id":"https:\/\/sogeni.com\/#organization","name":"Sogeni SA","url":"https:\/\/sogeni.com\/","logo":{"@type":"ImageObject","inLanguage":"en-US","@id":"https:\/\/sogeni.com\/#\/schema\/logo\/image\/","url":"https:\/\/sogeni.theswisspeak.ch\/wp-content\/uploads\/2021\/08\/Logo_Sogeni_0.png","contentUrl":"https:\/\/sogeni.theswisspeak.ch\/wp-content\/uploads\/2021\/08\/Logo_Sogeni_0.png","width":656,"height":900,"caption":"Sogeni SA"},"image":{"@id":"https:\/\/sogeni.com\/#\/schema\/logo\/image\/"}}]}},"_links":{"self":[{"href":"https:\/\/sogeni.com\/en\/wp-json\/wp\/v2\/pages\/31988","targetHints":{"allow":["GET"]}}],"collection":[{"href":"https:\/\/sogeni.com\/en\/wp-json\/wp\/v2\/pages"}],"about":[{"href":"https:\/\/sogeni.com\/en\/wp-json\/wp\/v2\/types\/page"}],"author":[{"embeddable":true,"href":"https:\/\/sogeni.com\/en\/wp-json\/wp\/v2\/users\/2"}],"replies":[{"embeddable":true,"href":"https:\/\/sogeni.com\/en\/wp-json\/wp\/v2\/comments?post=31988"}],"version-history":[{"count":0,"href":"https:\/\/sogeni.com\/en\/wp-json\/wp\/v2\/pages\/31988\/revisions"}],"wp:attachment":[{"href":"https:\/\/sogeni.com\/en\/wp-json\/wp\/v2\/media?parent=31988"}],"curies":[{"name":"wp","href":"https:\/\/api.w.org\/{rel}","templated":true}]}}