{"id":31002,"date":"2021-09-28T18:57:39","date_gmt":"2021-09-28T16:57:39","guid":{"rendered":"https:\/\/sogeni.theswisspeak.ch\/principals\/"},"modified":"2023-01-24T16:01:17","modified_gmt":"2023-01-24T15:01:17","slug":"principals","status":"publish","type":"page","link":"https:\/\/sogeni.com\/en\/principals\/","title":{"rendered":"PRINCIPALS"},"content":{"rendered":"<p>[et_pb_section fb_built=&#8221;1&#8243; admin_label=&#8221;Page Title Section&#8221; _builder_version=&#8221;4.18.0&#8243; use_background_color_gradient=&#8221;on&#8221; background_color_gradient_stops=&#8221;rgba(176,41,29,0.16) 0%|rgba(10,3,3,0.78) 100%&#8221; background_color_gradient_overlays_image=&#8221;on&#8221; background_color_gradient_start=&#8221;rgba(176,41,29,0.16)&#8221; background_color_gradient_end=&#8221;rgba(10,3,3,0.78)&#8221; background_image=&#8221;https:\/\/sogeni.com\/wp-content\/uploads\/2021\/08\/nastuh-abootalebi-yWwob8kwOCk-unsplash.jpg&#8221; height=&#8221;375px&#8221; height_tablet=&#8221;375px&#8221; height_phone=&#8221;442px&#8221; height_last_edited=&#8221;on|phone&#8221; max_height=&#8221;375px&#8221; max_height_tablet=&#8221;375px&#8221; max_height_phone=&#8221;428px&#8221; max_height_last_edited=&#8221;on|phone&#8221; custom_padding=&#8221;120px||120px|&#8221; global_colors_info=&#8221;{}&#8221;][et_pb_row admin_label=&#8221;Page Title Area&#8221; _builder_version=&#8221;4.16&#8243; background_size=&#8221;initial&#8221; background_position=&#8221;top_left&#8221; background_repeat=&#8221;repeat&#8221; custom_margin=&#8221;-90px||||false|false&#8221; global_colors_info=&#8221;{}&#8221;][et_pb_column type=&#8221;4_4&#8243; _builder_version=&#8221;4.16&#8243; custom_padding=&#8221;|||&#8221; global_colors_info=&#8221;{}&#8221; custom_padding__hover=&#8221;|||&#8221;][et_pb_text admin_label=&#8221;Page Title&#8221; _builder_version=&#8221;4.16&#8243; text_font=&#8221;||||||||&#8221; text_font_size=&#8221;18px&#8221; text_line_height=&#8221;2em&#8221; header_font=&#8221;Prata||||||||&#8221; header_font_size=&#8221;60px&#8221; header_line_height=&#8221;1.6em&#8221; header_2_font=&#8221;||||||||&#8221; text_orientation=&#8221;center&#8221; background_layout=&#8221;dark&#8221; max_width=&#8221;700px&#8221; module_alignment=&#8221;center&#8221; custom_margin=&#8221;|||&#8221; animation_style=&#8221;fade&#8221; header_font_size_tablet=&#8221;40px&#8221; header_font_size_phone=&#8221;&#8221; header_font_size_last_edited=&#8221;on|tablet&#8221; global_colors_info=&#8221;{}&#8221;]<\/p>\n<h1>Our principals<\/h1>\n<p>[\/et_pb_text][et_pb_divider divider_weight=&#8221;3px&#8221; _builder_version=&#8221;4.16&#8243; _module_preset=&#8221;default&#8221; width=&#8221;38%&#8221; module_alignment=&#8221;center&#8221; global_colors_info=&#8221;{}&#8221;][\/et_pb_divider][et_pb_text admin_label=&#8221;Page Title&#8221; _builder_version=&#8221;4.16&#8243; text_font=&#8221;||||||||&#8221; text_font_size=&#8221;18px&#8221; text_line_height=&#8221;2em&#8221; header_font=&#8221;Prata||||||||&#8221; header_font_size=&#8221;60px&#8221; header_line_height=&#8221;1.6em&#8221; header_2_font=&#8221;||||||||&#8221; text_orientation=&#8221;center&#8221; background_layout=&#8221;dark&#8221; max_width=&#8221;700px&#8221; module_alignment=&#8221;center&#8221; custom_margin=&#8221;|||&#8221; animation_style=&#8221;fade&#8221; header_font_size_tablet=&#8221;40px&#8221; header_font_size_phone=&#8221;&#8221; header_font_size_last_edited=&#8221;on|tablet&#8221; global_colors_info=&#8221;{}&#8221; custom_padding=&#8221;0px|||||&#8221;]<\/p>\n<p>For almost 30 years, Sogeni has put its leading expertise in genealogy and estate law at the service of financial institutions and legal professions.<\/p>\n<p>[\/et_pb_text][\/et_pb_column][\/et_pb_row][\/et_pb_section][et_pb_section fb_built=&#8221;1&#8243; custom_padding_last_edited=&#8221;on|phone&#8221; admin_label=&#8221;Welcome Section&#8221; module_id=&#8221;Banques_assurances&#8221; _builder_version=&#8221;4.16&#8243; custom_padding=&#8221;90px||12px|||&#8221; custom_padding_tablet=&#8221;&#8221; custom_padding_phone=&#8221;30px||12px||false|false&#8221; global_colors_info=&#8221;{}&#8221;][et_pb_row admin_label=&#8221;Welcome Area&#8221; _builder_version=&#8221;4.16&#8243; width=&#8221;99.4%&#8221; custom_margin=&#8221;-25px||||false|false&#8221; custom_padding=&#8221;||||false|false&#8221; global_colors_info=&#8221;{}&#8221;][et_pb_column type=&#8221;4_4&#8243; _builder_version=&#8221;4.16&#8243; custom_padding=&#8221;80px||||false|false&#8221; global_colors_info=&#8221;{}&#8221; custom_padding__hover=&#8221;|||&#8221;][et_pb_text admin_label=&#8221;Title&#8221; _builder_version=&#8221;4.16&#8243; text_font=&#8221;||||||||&#8221; header_font=&#8221;||||||||&#8221; header_2_font=&#8221;Prata||||||||&#8221; header_2_text_color=&#8221;#474747&#8243; header_2_font_size=&#8221;43px&#8221; header_2_line_height=&#8221;1.6em&#8221; custom_margin=&#8221;-54px||10px||false|false&#8221; custom_margin_tablet=&#8221;&#8221; custom_margin_phone=&#8221;-54px|10px|10px|20px|false|false&#8221; custom_margin_last_edited=&#8221;on|phone&#8221; animation_style=&#8221;fade&#8221; animation_direction=&#8221;left&#8221; animation_starting_opacity=&#8221;100%&#8221; header_font_size_tablet=&#8221;&#8221; header_font_size_phone=&#8221;39px&#8221; header_font_size_last_edited=&#8221;on|phone&#8221; header_2_font_size_tablet=&#8221;40px&#8221; header_2_font_size_phone=&#8221;25px&#8221; header_2_font_size_last_edited=&#8221;on|tablet&#8221; global_colors_info=&#8221;{}&#8221;]<\/p>\n<h2>Sogeni offers its expertise and skills to financial institutions, legal professions and individuals.<\/h2>\n<p>[\/et_pb_text][et_pb_divider divider_weight=&#8221;4px&#8221; _builder_version=&#8221;4.16&#8243; _module_preset=&#8221;default&#8221; width=&#8221;43%&#8221; custom_margin=&#8221;||||false|false&#8221; custom_padding=&#8221;15px||||false|false&#8221; global_colors_info=&#8221;{}&#8221;][\/et_pb_divider][\/et_pb_column][\/et_pb_row][et_pb_row column_structure=&#8221;2_5,3_5&#8243; module_id=&#8221;Banques&#8221; _builder_version=&#8221;4.16&#8243; _module_preset=&#8221;default&#8221; box_shadow_style=&#8221;preset2&#8243; global_colors_info=&#8221;{}&#8221;][et_pb_column type=&#8221;2_5&#8243; _builder_version=&#8221;4.16&#8243; _module_preset=&#8221;default&#8221; global_colors_info=&#8221;{}&#8221;][et_pb_text admin_label=&#8221;Title&#8221; _builder_version=&#8221;4.16&#8243; text_font=&#8221;||||||||&#8221; header_font=&#8221;||||||||&#8221; header_2_font=&#8221;Prata||||||||&#8221; header_2_text_color=&#8221;#B0291D&#8221; header_2_font_size=&#8221;43px&#8221; header_2_line_height=&#8221;1.3em&#8221; custom_margin=&#8221;|||5%|false|false&#8221; animation_style=&#8221;fade&#8221; animation_direction=&#8221;left&#8221; animation_starting_opacity=&#8221;100%&#8221; header_2_font_size_tablet=&#8221;40px&#8221; header_2_font_size_phone=&#8221;30px&#8221; header_2_font_size_last_edited=&#8221;on|tablet&#8221; global_colors_info=&#8221;{}&#8221;]<\/p>\n<h2>Banks and Insurers<\/h2>\n<p>[\/et_pb_text][et_pb_text _builder_version=&#8221;4.16&#8243; _module_preset=&#8221;default&#8221; custom_margin=&#8221;-10px|||5%|false|false&#8221; custom_padding=&#8221;||||false|false&#8221; text_font_size_tablet=&#8221;&#8221; text_font_size_phone=&#8221;16px&#8221; text_font_size_last_edited=&#8221;on|phone&#8221; global_colors_info=&#8221;{}&#8221;]<\/p>\n<p><strong>Sogeni is the partner of choice in Switzerland for resolving your cases of dormant assets in compliance with the Swiss Banking Act and the Swiss Banking Association\u2019s NARILO guidelines<\/strong><\/p>\n<p>[\/et_pb_text][\/et_pb_column][et_pb_column type=&#8221;3_5&#8243; _builder_version=&#8221;4.16&#8243; _module_preset=&#8221;default&#8221; global_colors_info=&#8221;{}&#8221;][et_pb_text _builder_version=&#8221;4.16&#8243; _module_preset=&#8221;default&#8221; text_orientation=&#8221;justified&#8221; custom_margin=&#8221;10px|5%|||false|false&#8221; custom_margin_tablet=&#8221;&#8221; custom_margin_phone=&#8221;&#8221; custom_margin_last_edited=&#8221;on|phone&#8221; custom_padding=&#8221;|||20px|false|false&#8221; text_font_size_tablet=&#8221;&#8221; text_font_size_phone=&#8221;16px&#8221; text_font_size_last_edited=&#8221;on|phone&#8221; global_colors_info=&#8221;{}&#8221;]<\/p>\n<div>Dormant accounts require significant management efforts by the financial institution concerned and pose reputational risks. Since 2015, the NARILO guidelines of the Swiss Banking Association have also made it mandatory to actively search for customers whose contact has been lost.<\/div>\n<div>\u00a0<\/div>\n<div>\n<p>Unprofessional search may be unsuccessful or have serious consequences, including the breach of bank secrecy.<\/p>\n<p>&nbsp;<\/p>\n<p>Since 1994, <strong>Sogeni<\/strong> has been assisting Banks and Insurances in the resolution of unclaimed property cases with a success rate of over 95% assured by<\/p>\n<ul>\n<li>the experience and reliability of our investigators<\/li>\n<li>our international network of correspondents<\/li>\n<li>the strict protection of bank secrecy in our missions<\/li>\n<li>an appropriate and proportionate pricing model, in line with the recommendations of the NARILO directives<\/li>\n<\/ul>\n<p>&nbsp;<\/p>\n<\/div>\n<p>[\/et_pb_text][\/et_pb_column][\/et_pb_row][et_pb_row column_structure=&#8221;2_5,3_5&#8243; module_id=&#8221;Administrations&#8221; _builder_version=&#8221;4.16&#8243; _module_preset=&#8221;default&#8221; custom_margin=&#8221;40px||||false|false&#8221; box_shadow_style=&#8221;preset2&#8243; global_colors_info=&#8221;{}&#8221;][et_pb_column type=&#8221;2_5&#8243; _builder_version=&#8221;4.16&#8243; _module_preset=&#8221;default&#8221; global_colors_info=&#8221;{}&#8221;][et_pb_text admin_label=&#8221;Title&#8221; _builder_version=&#8221;4.16&#8243; text_font=&#8221;||||||||&#8221; header_font=&#8221;||||||||&#8221; header_2_font=&#8221;Prata||||||||&#8221; header_2_text_color=&#8221;#B0291D&#8221; header_2_font_size=&#8221;43px&#8221; header_2_line_height=&#8221;1.3em&#8221; custom_margin=&#8221;|||5%|false|false&#8221; animation_style=&#8221;fade&#8221; animation_direction=&#8221;left&#8221; animation_starting_opacity=&#8221;100%&#8221; header_2_font_size_tablet=&#8221;40px&#8221; header_2_font_size_phone=&#8221;30px&#8221; header_2_font_size_last_edited=&#8221;on|tablet&#8221; global_colors_info=&#8221;{}&#8221;]<\/p>\n<h2><a class=\"et-fb-editable-element et-fb-editable-element__editing\" contenteditable=\"true\" href=\"#\" data-shortcode-id=\"1.0.0.1.1-1630522459070\" data-quickaccess-id=\"tab-tab\">Estate administrators, Notaries<\/a><\/h2>\n<p>[\/et_pb_text][et_pb_text _builder_version=&#8221;4.16&#8243; _module_preset=&#8221;default&#8221; text_orientation=&#8221;justified&#8221; custom_margin=&#8221;10px|5%|||false|false&#8221; custom_margin_tablet=&#8221;&#8221; custom_margin_phone=&#8221;&#8221; custom_margin_last_edited=&#8221;on|phone&#8221; custom_padding=&#8221;|||20px|false|false&#8221; text_font_size_tablet=&#8221;&#8221; text_font_size_phone=&#8221;16px&#8221; text_font_size_last_edited=&#8221;on|phone&#8221; global_colors_info=&#8221;{}&#8221;]<\/p>\n<p><strong>You are in charge of an estate but do not have sufficient information to identify the heirs and\/or certify their status as a beneficiary: call on us, this is our job.<\/strong><\/p>\n<p>[\/et_pb_text][\/et_pb_column][et_pb_column type=&#8221;3_5&#8243; _builder_version=&#8221;4.16&#8243; _module_preset=&#8221;default&#8221; global_colors_info=&#8221;{}&#8221;][et_pb_text _builder_version=&#8221;4.16&#8243; _module_preset=&#8221;default&#8221; text_orientation=&#8221;justified&#8221; custom_margin=&#8221;10px|5%|||false|false&#8221; custom_margin_tablet=&#8221;&#8221; custom_margin_phone=&#8221;&#8221; custom_margin_last_edited=&#8221;on|phone&#8221; custom_padding=&#8221;|||20px|false|false&#8221; text_font_size_tablet=&#8221;&#8221; text_font_size_phone=&#8221;16px&#8221; text_font_size_last_edited=&#8221;on|phone&#8221; global_colors_info=&#8221;{}&#8221;]<\/p>\n<div>\n<p>Since 1994, Sogeni has solved several thousand cases of heir search.<\/p>\n<p>Our genealogical researchers rely on decades of experience, an international network of correspondents and highly efficient research tools to locate people around the world.<\/p>\n<p>They obtain with the greatest rigour the civil status acts establishing the hereditary links, allowing to complete the family tree and to prove the quality of the rights holders to a vacant or incomplete succession.<\/p>\n<p>If you are unsure of the hereditary status of heirs, presumed or claiming to be such, our genealogists will allow you to establish formal proof of this.<\/p>\n<\/div>\n<p>[\/et_pb_text][\/et_pb_column][\/et_pb_row][et_pb_row column_structure=&#8221;2_5,3_5&#8243; module_id=&#8221;Avocats&#8221; _builder_version=&#8221;4.16&#8243; _module_preset=&#8221;default&#8221; custom_margin=&#8221;40px||||false|false&#8221; box_shadow_style=&#8221;preset2&#8243; global_colors_info=&#8221;{}&#8221;][et_pb_column type=&#8221;2_5&#8243; _builder_version=&#8221;4.16&#8243; _module_preset=&#8221;default&#8221; global_colors_info=&#8221;{}&#8221;][et_pb_text admin_label=&#8221;Title&#8221; _builder_version=&#8221;4.16&#8243; text_font=&#8221;||||||||&#8221; header_font=&#8221;||||||||&#8221; header_2_font=&#8221;Prata||||||||&#8221; header_2_text_color=&#8221;#B0291D&#8221; header_2_font_size=&#8221;43px&#8221; header_2_line_height=&#8221;1.3em&#8221; custom_margin=&#8221;|||5%|false|false&#8221; animation_style=&#8221;fade&#8221; animation_direction=&#8221;left&#8221; animation_starting_opacity=&#8221;100%&#8221; header_2_font_size_tablet=&#8221;40px&#8221; header_2_font_size_phone=&#8221;30px&#8221; header_2_font_size_last_edited=&#8221;on|tablet&#8221; global_colors_info=&#8221;{}&#8221;]<\/p>\n<h2><a class=\"et-fb-editable-element et-fb-editable-element__editing\" contenteditable=\"true\" href=\"#\" data-shortcode-id=\"1.0.0.1.1-1630522459070\" data-quickaccess-id=\"tab-tab\">Lawyers<\/a><\/h2>\n<p>[\/et_pb_text][et_pb_text _builder_version=&#8221;4.16&#8243; _module_preset=&#8221;default&#8221; text_orientation=&#8221;justified&#8221; custom_margin=&#8221;10px|5%|||false|false&#8221; custom_margin_tablet=&#8221;&#8221; custom_margin_phone=&#8221;&#8221; custom_margin_last_edited=&#8221;on|phone&#8221; custom_padding=&#8221;|||20px|false|false&#8221; text_font_size_tablet=&#8221;&#8221; text_font_size_phone=&#8221;16px&#8221; text_font_size_last_edited=&#8221;on|phone&#8221; global_colors_info=&#8221;{}&#8221;]<\/p>\n<p><strong>You wish to establish or verify the rights of your clients in relation to kinship, inheritance rights, surname, etc. We can help you.<\/strong><\/p>\n<p>[\/et_pb_text][\/et_pb_column][et_pb_column type=&#8221;3_5&#8243; _builder_version=&#8221;4.16&#8243; _module_preset=&#8221;default&#8221; global_colors_info=&#8221;{}&#8221;][et_pb_text _builder_version=&#8221;4.16&#8243; _module_preset=&#8221;default&#8221; text_orientation=&#8221;justified&#8221; custom_margin=&#8221;10px|5%|||false|false&#8221; custom_margin_tablet=&#8221;&#8221; custom_margin_phone=&#8221;&#8221; custom_margin_last_edited=&#8221;on|phone&#8221; custom_padding=&#8221;|||20px|false|false&#8221; text_font_size_tablet=&#8221;&#8221; text_font_size_phone=&#8221;16px&#8221; text_font_size_last_edited=&#8221;on|phone&#8221; global_colors_info=&#8221;{}&#8221;]<\/p>\n<div>\n<p>As specialists in international estate law, we can verify or consolidate the rights of your principals in the context of an estate devolution.<\/p>\n<p><span style=\"font-size: 14px;\">In case of uncertainty about your client\u2019s parentage and the resulting rights, our genealogists will allow you to establish the proof formally by obtaining all official acts.<\/span><\/p>\n<\/div>\n<div>\u00a0<\/div>\n<p>[\/et_pb_text][\/et_pb_column][\/et_pb_row][et_pb_row column_structure=&#8221;2_5,3_5&#8243; module_id=&#8221;Particuliers&#8221; _builder_version=&#8221;4.16&#8243; _module_preset=&#8221;default&#8221; custom_margin=&#8221;40px||||false|false&#8221; box_shadow_style=&#8221;preset2&#8243; global_colors_info=&#8221;{}&#8221;][et_pb_column type=&#8221;2_5&#8243; _builder_version=&#8221;4.16&#8243; _module_preset=&#8221;default&#8221; global_colors_info=&#8221;{}&#8221;][et_pb_text admin_label=&#8221;Title&#8221; _builder_version=&#8221;4.16&#8243; text_font=&#8221;||||||||&#8221; header_font=&#8221;||||||||&#8221; header_2_font=&#8221;Prata||||||||&#8221; header_2_text_color=&#8221;#B0291D&#8221; header_2_font_size=&#8221;43px&#8221; header_2_line_height=&#8221;1.3em&#8221; custom_margin=&#8221;|||5%|false|false&#8221; animation_style=&#8221;fade&#8221; animation_direction=&#8221;left&#8221; animation_starting_opacity=&#8221;100%&#8221; header_2_font_size_tablet=&#8221;40px&#8221; header_2_font_size_phone=&#8221;30px&#8221; header_2_font_size_last_edited=&#8221;on|tablet&#8221; global_colors_info=&#8221;{}&#8221;]<\/p>\n<h2><a class=\"et-fb-editable-element et-fb-editable-element__editing\" contenteditable=\"true\" href=\"#\" data-shortcode-id=\"1.0.0.1.1-1630522459070\" data-quickaccess-id=\"tab-tab\">Individuals<\/a><\/h2>\n<p>[\/et_pb_text][et_pb_text _builder_version=&#8221;4.16&#8243; _module_preset=&#8221;default&#8221; text_font=&#8221;|700|||||||&#8221; text_font_size=&#8221;17px&#8221; custom_margin=&#8221;-10px|||5%|false|false&#8221; global_colors_info=&#8221;{}&#8221;]<\/p>\n<div>You need help authenticating your family ties or checking your inheritance rights. You need assistance in your own genealogical research: we are at your disposal.<\/div>\n<div>\u00a0<\/div>\n<p>[\/et_pb_text][\/et_pb_column][et_pb_column type=&#8221;3_5&#8243; _builder_version=&#8221;4.16&#8243; _module_preset=&#8221;default&#8221; global_colors_info=&#8221;{}&#8221;][et_pb_text _builder_version=&#8221;4.16&#8243; _module_preset=&#8221;default&#8221; text_font_size=&#8221;16px&#8221; custom_margin=&#8221;10px|5%|||false|false&#8221; custom_margin_tablet=&#8221;&#8221; custom_margin_phone=&#8221;&#8221; custom_margin_last_edited=&#8221;on|phone&#8221; custom_padding=&#8221;|||20px|false|false&#8221; global_colors_info=&#8221;{}&#8221;]<\/p>\n<div>\n<p>We can offer tailor-made services to help you advance in your family genealogical research. Whether you need a simple check-up to guide your research, obtain specific civil status document or develop your complete family tree, do not hesitate to consult us.<\/p>\n<p>We are also at your service to resolve matters of filiation and inheritance rights.<\/p>\n<\/div>\n<div>\u00a0<\/div>\n<p>[\/et_pb_text][\/et_pb_column][\/et_pb_row][et_pb_row _builder_version=&#8221;4.16&#8243; _module_preset=&#8221;default&#8221; global_colors_info=&#8221;{}&#8221;][et_pb_column type=&#8221;4_4&#8243; _builder_version=&#8221;4.16&#8243; _module_preset=&#8221;default&#8221; global_colors_info=&#8221;{}&#8221;]<\/p>\n<p>[et_pb_divider _builder_version=&#8221;4.9.7&#8243; _module_preset=&#8221;default&#8221; custom_margin=&#8221;35px||||false|false&#8221; global_colors_info=&#8221;{}&#8221;][\/et_pb_divider]<\/p>\n<p>[\/et_pb_column][\/et_pb_row][\/et_pb_section]<\/p>\n","protected":false},"excerpt":{"rendered":"<p>Our principalsFor almost 30 years, Sogeni has put its leading expertise in genealogy and estate law at the service of financial institutions and legal professions.Sogeni offers its expertise and skills to financial institutions, legal professions and individuals.Banks and InsurersSogeni is the partner of choice in Switzerland for resolving your cases of dormant assets in compliance [&hellip;]<\/p>\n","protected":false},"author":2,"featured_media":0,"parent":0,"menu_order":0,"comment_status":"closed","ping_status":"closed","template":"","meta":{"_et_pb_use_builder":"on","_et_pb_old_content":"","_et_gb_content_width":"","footnotes":""},"class_list":["post-31002","page","type-page","status-publish","hentry"],"yoast_head":"<!-- This site is optimized with the Yoast SEO plugin v27.1.1 - https:\/\/yoast.com\/product\/yoast-seo-wordpress\/ -->\n<title>Who needs probate genealogy ? &#8226; Sogeni<\/title>\n<meta name=\"description\" content=\"For more than 25 years, Sogeni has put its leading expertise in genealogy and estate law at the service of financial institutions and legal professions. (NARILO)\" \/>\n<meta name=\"robots\" content=\"index, follow, max-snippet:-1, max-image-preview:large, max-video-preview:-1\" \/>\n<link rel=\"canonical\" href=\"https:\/\/sogeni.com\/mandants\/\" \/>\n<meta property=\"og:locale\" content=\"en_US\" \/>\n<meta property=\"og:type\" content=\"article\" \/>\n<meta property=\"og:title\" content=\"Who needs probate genealogy ? &#8226; Sogeni\" \/>\n<meta property=\"og:description\" content=\"For more than 25 years, Sogeni has put its leading expertise in genealogy and estate law at the service of financial institutions and legal professions. (NARILO)\" \/>\n<meta property=\"og:url\" content=\"https:\/\/sogeni.com\/mandants\/\" \/>\n<meta property=\"og:site_name\" content=\"Sogeni\" \/>\n<meta property=\"article:modified_time\" content=\"2023-01-24T15:01:17+00:00\" \/>\n<meta name=\"twitter:card\" content=\"summary_large_image\" \/>\n<meta name=\"twitter:label1\" content=\"Est. reading time\" \/>\n\t<meta name=\"twitter:data1\" content=\"10 minutes\" \/>\n<script type=\"application\/ld+json\" class=\"yoast-schema-graph\">{\"@context\":\"https:\/\/schema.org\",\"@graph\":[{\"@type\":\"WebPage\",\"@id\":\"https:\/\/sogeni.com\/mandants\/\",\"url\":\"https:\/\/sogeni.com\/mandants\/\",\"name\":\"Who needs probate genealogy ? &#8226; Sogeni\",\"isPartOf\":{\"@id\":\"https:\/\/sogeni.com\/#website\"},\"datePublished\":\"2021-09-28T16:57:39+00:00\",\"dateModified\":\"2023-01-24T15:01:17+00:00\",\"description\":\"For more than 25 years, Sogeni has put its leading expertise in genealogy and estate law at the service of financial institutions and legal professions. (NARILO)\",\"breadcrumb\":{\"@id\":\"https:\/\/sogeni.com\/mandants\/#breadcrumb\"},\"inLanguage\":\"en-US\",\"potentialAction\":[{\"@type\":\"ReadAction\",\"target\":[\"https:\/\/sogeni.com\/mandants\/\"]}]},{\"@type\":\"BreadcrumbList\",\"@id\":\"https:\/\/sogeni.com\/mandants\/#breadcrumb\",\"itemListElement\":[{\"@type\":\"ListItem\",\"position\":1,\"name\":\"Accueil\",\"item\":\"https:\/\/sogeni.com\/en\/\"},{\"@type\":\"ListItem\",\"position\":2,\"name\":\"PRINCIPALS\"}]},{\"@type\":\"WebSite\",\"@id\":\"https:\/\/sogeni.com\/#website\",\"url\":\"https:\/\/sogeni.com\/\",\"name\":\"Sogeni\",\"description\":\"Recherches d&#039;h\u00e9ritiers, g\u00e9n\u00e9alogie successorale.\",\"publisher\":{\"@id\":\"https:\/\/sogeni.com\/#organization\"},\"potentialAction\":[{\"@type\":\"SearchAction\",\"target\":{\"@type\":\"EntryPoint\",\"urlTemplate\":\"https:\/\/sogeni.com\/?s={search_term_string}\"},\"query-input\":{\"@type\":\"PropertyValueSpecification\",\"valueRequired\":true,\"valueName\":\"search_term_string\"}}],\"inLanguage\":\"en-US\"},{\"@type\":\"Organization\",\"@id\":\"https:\/\/sogeni.com\/#organization\",\"name\":\"Sogeni SA\",\"url\":\"https:\/\/sogeni.com\/\",\"logo\":{\"@type\":\"ImageObject\",\"inLanguage\":\"en-US\",\"@id\":\"https:\/\/sogeni.com\/#\/schema\/logo\/image\/\",\"url\":\"https:\/\/sogeni.theswisspeak.ch\/wp-content\/uploads\/2021\/08\/Logo_Sogeni_0.png\",\"contentUrl\":\"https:\/\/sogeni.theswisspeak.ch\/wp-content\/uploads\/2021\/08\/Logo_Sogeni_0.png\",\"width\":656,\"height\":900,\"caption\":\"Sogeni SA\"},\"image\":{\"@id\":\"https:\/\/sogeni.com\/#\/schema\/logo\/image\/\"}}]}<\/script>\n<!-- \/ Yoast SEO plugin. -->","yoast_head_json":{"title":"Who needs probate genealogy ? &#8226; Sogeni","description":"For more than 25 years, Sogeni has put its leading expertise in genealogy and estate law at the service of financial institutions and legal professions. (NARILO)","robots":{"index":"index","follow":"follow","max-snippet":"max-snippet:-1","max-image-preview":"max-image-preview:large","max-video-preview":"max-video-preview:-1"},"canonical":"https:\/\/sogeni.com\/mandants\/","og_locale":"en_US","og_type":"article","og_title":"Who needs probate genealogy ? &#8226; Sogeni","og_description":"For more than 25 years, Sogeni has put its leading expertise in genealogy and estate law at the service of financial institutions and legal professions. (NARILO)","og_url":"https:\/\/sogeni.com\/mandants\/","og_site_name":"Sogeni","article_modified_time":"2023-01-24T15:01:17+00:00","twitter_card":"summary_large_image","twitter_misc":{"Est. reading time":"10 minutes"},"schema":{"@context":"https:\/\/schema.org","@graph":[{"@type":"WebPage","@id":"https:\/\/sogeni.com\/mandants\/","url":"https:\/\/sogeni.com\/mandants\/","name":"Who needs probate genealogy ? &#8226; Sogeni","isPartOf":{"@id":"https:\/\/sogeni.com\/#website"},"datePublished":"2021-09-28T16:57:39+00:00","dateModified":"2023-01-24T15:01:17+00:00","description":"For more than 25 years, Sogeni has put its leading expertise in genealogy and estate law at the service of financial institutions and legal professions. (NARILO)","breadcrumb":{"@id":"https:\/\/sogeni.com\/mandants\/#breadcrumb"},"inLanguage":"en-US","potentialAction":[{"@type":"ReadAction","target":["https:\/\/sogeni.com\/mandants\/"]}]},{"@type":"BreadcrumbList","@id":"https:\/\/sogeni.com\/mandants\/#breadcrumb","itemListElement":[{"@type":"ListItem","position":1,"name":"Accueil","item":"https:\/\/sogeni.com\/en\/"},{"@type":"ListItem","position":2,"name":"PRINCIPALS"}]},{"@type":"WebSite","@id":"https:\/\/sogeni.com\/#website","url":"https:\/\/sogeni.com\/","name":"Sogeni","description":"Recherches d&#039;h\u00e9ritiers, g\u00e9n\u00e9alogie successorale.","publisher":{"@id":"https:\/\/sogeni.com\/#organization"},"potentialAction":[{"@type":"SearchAction","target":{"@type":"EntryPoint","urlTemplate":"https:\/\/sogeni.com\/?s={search_term_string}"},"query-input":{"@type":"PropertyValueSpecification","valueRequired":true,"valueName":"search_term_string"}}],"inLanguage":"en-US"},{"@type":"Organization","@id":"https:\/\/sogeni.com\/#organization","name":"Sogeni SA","url":"https:\/\/sogeni.com\/","logo":{"@type":"ImageObject","inLanguage":"en-US","@id":"https:\/\/sogeni.com\/#\/schema\/logo\/image\/","url":"https:\/\/sogeni.theswisspeak.ch\/wp-content\/uploads\/2021\/08\/Logo_Sogeni_0.png","contentUrl":"https:\/\/sogeni.theswisspeak.ch\/wp-content\/uploads\/2021\/08\/Logo_Sogeni_0.png","width":656,"height":900,"caption":"Sogeni SA"},"image":{"@id":"https:\/\/sogeni.com\/#\/schema\/logo\/image\/"}}]}},"_links":{"self":[{"href":"https:\/\/sogeni.com\/en\/wp-json\/wp\/v2\/pages\/31002","targetHints":{"allow":["GET"]}}],"collection":[{"href":"https:\/\/sogeni.com\/en\/wp-json\/wp\/v2\/pages"}],"about":[{"href":"https:\/\/sogeni.com\/en\/wp-json\/wp\/v2\/types\/page"}],"author":[{"embeddable":true,"href":"https:\/\/sogeni.com\/en\/wp-json\/wp\/v2\/users\/2"}],"replies":[{"embeddable":true,"href":"https:\/\/sogeni.com\/en\/wp-json\/wp\/v2\/comments?post=31002"}],"version-history":[{"count":3,"href":"https:\/\/sogeni.com\/en\/wp-json\/wp\/v2\/pages\/31002\/revisions"}],"predecessor-version":[{"id":32188,"href":"https:\/\/sogeni.com\/en\/wp-json\/wp\/v2\/pages\/31002\/revisions\/32188"}],"wp:attachment":[{"href":"https:\/\/sogeni.com\/en\/wp-json\/wp\/v2\/media?parent=31002"}],"curies":[{"name":"wp","href":"https:\/\/api.w.org\/{rel}","templated":true}]}}