{"id":31352,"date":"2021-10-15T11:23:14","date_gmt":"2021-10-15T09:23:14","guid":{"rendered":"https:\/\/sogeni.com\/kontakt\/"},"modified":"2023-01-24T15:43:13","modified_gmt":"2023-01-24T14:43:13","slug":"kontakt","status":"publish","type":"page","link":"https:\/\/sogeni.com\/de\/kontakt\/","title":{"rendered":"KONTAKT"},"content":{"rendered":"<p>[et_pb_section fb_built=&#8220;1&#8243; admin_label=&#8220;Page Title Section&#8220; _builder_version=&#8220;4.18.0&#8243; background_image=&#8220;https:\/\/sogeni.com\/wp-content\/uploads\/2021\/09\/christopher-gower-vjMgqUkS8q8-unsplash-scaled.jpg&#8220; height=&#8220;352px&#8220; max_height=&#8220;352px&#8220; custom_padding=&#8220;62px||25px|||&#8220; hover_enabled=&#8220;0&#8243; global_colors_info=&#8220;{}&#8220; title_text=&#8220;christopher-gower-vjMgqUkS8q8-unsplash&#8220; sticky_enabled=&#8220;0&#8243;][et_pb_row admin_label=&#8220;Page Title Area&#8220; _builder_version=&#8220;4.16&#8243; background_size=&#8220;initial&#8220; background_position=&#8220;top_left&#8220; background_repeat=&#8220;repeat&#8220; global_colors_info=&#8220;{}&#8220;][et_pb_column type=&#8220;4_4&#8243; _builder_version=&#8220;4.16&#8243; custom_padding=&#8220;|||&#8220; global_colors_info=&#8220;{}&#8220; custom_padding__hover=&#8220;|||&#8220;][et_pb_text admin_label=&#8220;Page Title&#8220; _builder_version=&#8220;4.16&#8243; text_font=&#8220;||||||||&#8220; text_font_size=&#8220;18px&#8220; text_line_height=&#8220;2em&#8220; link_font=&#8220;||||||||&#8220; ul_font=&#8220;||||||||&#8220; ol_font=&#8220;||||||||&#8220; quote_font=&#8220;||||||||&#8220; header_font=&#8220;Prata||||||||&#8220; header_font_size=&#8220;60px&#8220; header_line_height=&#8220;1.6em&#8220; header_2_font=&#8220;||||||||&#8220; header_3_font=&#8220;||||||||&#8220; header_4_font=&#8220;||||||||&#8220; header_5_font=&#8220;||||||||&#8220; header_6_font=&#8220;||||||||&#8220; background_color=&#8220;rgba(0,0,0,0.21)&#8220; text_orientation=&#8220;center&#8220; background_layout=&#8220;dark&#8220; max_width=&#8220;700px&#8220; module_alignment=&#8220;center&#8220; custom_margin=&#8220;|||&#8220; animation_style=&#8220;fade&#8220; header_font_size_tablet=&#8220;40px&#8220; header_font_size_phone=&#8220;&#8220; header_font_size_last_edited=&#8220;on|tablet&#8220; text_text_shadow_style=&#8220;preset1&#8243; header_text_shadow_style=&#8220;preset1&#8243; global_colors_info=&#8220;{}&#8220;]<\/p>\n<h1>Kontakt<\/h1>\n<p>Wir stehen Ihnen f\u00fcr alle Anfragen zur Verf\u00fcgung.<\/p>\n<p>[\/et_pb_text][\/et_pb_column][\/et_pb_row][\/et_pb_section][et_pb_section fb_built=&#8220;1&#8243; admin_label=&#8220;Get In Touch Section&#8220; _builder_version=&#8220;4.16&#8243; background_color=&#8220;RGBA(0,0,0,0)&#8220; custom_margin=&#8220;||||false|false&#8220; custom_padding=&#8220;9px||20px||false|false&#8220; border_style_all=&#8220;none&#8220; global_colors_info=&#8220;{}&#8220;][et_pb_row column_structure=&#8220;1_3,1_3,1_3&#8243; make_equal=&#8220;on&#8220; admin_label=&#8220;Get In Touch Area&#8220; _builder_version=&#8220;4.16&#8243; global_colors_info=&#8220;{}&#8220;][et_pb_column type=&#8220;1_3&#8243; _builder_version=&#8220;4.16&#8243; custom_padding=&#8220;|||&#8220; global_colors_info=&#8220;{}&#8220; custom_padding__hover=&#8220;|||&#8220;][et_pb_blurb title=&#8220;Rufen Sie uns an&#8220; use_icon=&#8220;on&#8220; font_icon=&#8220;&#xe090;||divi||400&#8243; icon_color=&#8220;#B0291D&#8220; image_icon_background_color=&#8220;rgba(126,190,197,0)&#8220; image_icon_width=&#8220;18px&#8220; admin_label=&#8220;Phone&#8220; _builder_version=&#8220;4.16&#8243; header_font=&#8220;Roboto Slab||||||||&#8220; header_font_size=&#8220;20px&#8220; header_line_height=&#8220;2em&#8220; body_font=&#8220;||||||||&#8220; body_font_size=&#8220;16px&#8220; body_line_height=&#8220;1em&#8220; background_color=&#8220;#ffffff&#8220; image_icon_custom_padding=&#8220;25px|25px|25px|25px|false|false&#8220; text_orientation=&#8220;center&#8220; min_height=&#8220;360px&#8220; custom_padding=&#8220;60px||60px|&#8220; animation_style=&#8220;zoom&#8220; animation_intensity_zoom=&#8220;2%&#8220; animation=&#8220;off&#8220; border_radii_image=&#8220;on|100%|100%|100%|100%&#8220; border_width_all_image=&#8220;3px&#8220; border_color_all_image=&#8220;#B0291D&#8220; box_shadow_style=&#8220;preset2&#8243; box_shadow_horizontal=&#8220;0px&#8220; box_shadow_vertical=&#8220;10px&#8220; box_shadow_blur=&#8220;60px&#8220; box_shadow_color=&#8220;rgba(29,61,71,0.1)&#8220; icon_font_size=&#8220;18px&#8220; use_circle=&#8220;on&#8220; use_circle_border=&#8220;on&#8220; circle_border_color=&#8220;#B0291D&#8220; circle_color=&#8220;rgba(126,190,197,0)&#8220; global_colors_info=&#8220;{}&#8220; image_icon_background_color__sticky_enabled=&#8220;#b0291d&#8220; image_icon_background_color__sticky=&#8220;#b0291d&#8220;]<\/p>\n<p><span>+41 21 925 92 30<\/span><\/p>\n<p>[\/et_pb_blurb][\/et_pb_column][et_pb_column type=&#8220;1_3&#8243; _builder_version=&#8220;4.16&#8243; custom_padding=&#8220;|||&#8220; global_colors_info=&#8220;{}&#8220; custom_padding__hover=&#8220;|||&#8220;][et_pb_blurb title=&#8220;E-mail&#8220; use_icon=&#8220;on&#8220; font_icon=&#8220;&#xe076;||divi||400&#8243; icon_color=&#8220;#B0291D&#8220; image_icon_background_color=&#8220;rgba(126,190,197,0)&#8220; image_icon_width=&#8220;18px&#8220; admin_label=&#8220;Email&#8220; _builder_version=&#8220;4.16&#8243; header_font=&#8220;Roboto Slab||||||||&#8220; header_font_size=&#8220;20px&#8220; header_line_height=&#8220;2em&#8220; body_font=&#8220;||||||||&#8220; body_font_size=&#8220;16px&#8220; body_line_height=&#8220;1em&#8220; background_color=&#8220;#ffffff&#8220; image_icon_custom_padding=&#8220;25px|25px|25px|25px|false|false&#8220; text_orientation=&#8220;center&#8220; min_height=&#8220;360px&#8220; custom_padding=&#8220;60px||60px|&#8220; animation_style=&#8220;zoom&#8220; animation_intensity_zoom=&#8220;2%&#8220; animation=&#8220;off&#8220; border_radii_image=&#8220;on|100%|100%|100%|100%&#8220; border_width_all_image=&#8220;3px&#8220; border_color_all_image=&#8220;#B0291D&#8220; box_shadow_style=&#8220;preset2&#8243; box_shadow_horizontal=&#8220;0px&#8220; box_shadow_vertical=&#8220;10px&#8220; box_shadow_blur=&#8220;60px&#8220; box_shadow_color=&#8220;rgba(29,61,71,0.1)&#8220; icon_font_size=&#8220;18px&#8220; use_circle=&#8220;on&#8220; use_circle_border=&#8220;on&#8220; circle_border_color=&#8220;#B0291D&#8220; circle_color=&#8220;rgba(126,190,197,0)&#8220; locked=&#8220;off&#8220; global_colors_info=&#8220;{}&#8220; image_icon_background_color__sticky_enabled=&#8220;#b0291d&#8220; image_icon_background_color__sticky=&#8220;#b0291d&#8220;]<\/p>\n<p><a href=\"mailto:info@sogeni.com\">info@sogeni.com<\/a><\/p>\n<p>&nbsp;<\/p>\n<p>&nbsp;<\/p>\n<p>[\/et_pb_blurb][\/et_pb_column][et_pb_column type=&#8220;1_3&#8243; _builder_version=&#8220;4.16&#8243; custom_padding=&#8220;|||&#8220; global_colors_info=&#8220;{}&#8220; custom_padding__hover=&#8220;|||&#8220;][et_pb_blurb title=&#8220;Adresse&#8220; use_icon=&#8220;on&#8220; font_icon=&#8220;&#xe081;||divi||400&#8243; icon_color=&#8220;#B0291D&#8220; image_icon_background_color=&#8220;rgba(126,190,197,0)&#8220; image_icon_width=&#8220;18px&#8220; admin_label=&#8220;Address&#8220; _builder_version=&#8220;4.16&#8243; header_font=&#8220;Roboto Slab||||||||&#8220; header_font_size=&#8220;20px&#8220; header_line_height=&#8220;2em&#8220; body_font=&#8220;||||||||&#8220; body_font_size=&#8220;16px&#8220; body_line_height=&#8220;1em&#8220; background_color=&#8220;#ffffff&#8220; image_icon_custom_padding=&#8220;25px|25px|25px|25px|false|false&#8220; text_orientation=&#8220;center&#8220; min_height=&#8220;360px&#8220; custom_padding=&#8220;60px||60px|&#8220; animation_style=&#8220;zoom&#8220; animation_intensity_zoom=&#8220;2%&#8220; animation=&#8220;off&#8220; border_radii_image=&#8220;on|100%|100%|100%|100%&#8220; border_width_all_image=&#8220;3px&#8220; border_color_all_image=&#8220;#B0291D&#8220; box_shadow_style=&#8220;preset2&#8243; box_shadow_horizontal=&#8220;0px&#8220; box_shadow_vertical=&#8220;10px&#8220; box_shadow_blur=&#8220;60px&#8220; box_shadow_color=&#8220;rgba(29,61,71,0.1)&#8220; icon_font_size=&#8220;18px&#8220; use_circle=&#8220;on&#8220; use_circle_border=&#8220;on&#8220; circle_border_color=&#8220;#B0291D&#8220; circle_color=&#8220;rgba(126,190,197,0)&#8220; locked=&#8220;off&#8220; global_colors_info=&#8220;{}&#8220; image_icon_background_color__sticky_enabled=&#8220;#b0291d&#8220; image_icon_background_color__sticky=&#8220;#b0291d&#8220;]<\/p>\n<p>Sogeni SA<\/p>\n<p>Avenue du Th\u00e9\u00e2tre 7<\/p>\n<p>1005 Lausanne &#8211; Schweiz<\/p>\n<p>[\/et_pb_blurb][\/et_pb_column][\/et_pb_row][et_pb_row _builder_version=&#8220;4.16&#8243; global_colors_info=&#8220;{}&#8220;][et_pb_column type=&#8220;4_4&#8243; _builder_version=&#8220;4.16&#8243; custom_padding=&#8220;|||&#8220; global_colors_info=&#8220;{}&#8220; custom_padding__hover=&#8220;|||&#8220;][et_pb_contact_form use_spam_service=&#8220;on&#8220; recaptcha_list=&#8220;Sogeni captcha|Sogeni captcha-0&#8243; email=&#8220;info@sogeni.com&#8220; title=&#8220;Ihre Anfrage&#8220; success_message=&#8220;Wir haben Ihre Anfrage erhalten. Diese wird schnellstm\u00f6glich behandelt. &#8220; submit_button_text=&#8220;Senden&#8220; module_id=&#8220;et_pb_contact_form_0&#8243; _builder_version=&#8220;4.16&#8243; _unique_id=&#8220;404591eb-c952-4a84-83f4-a87ac2bc99a0&#8243; form_field_background_color=&#8220;rgba(0,0,0,0)&#8220; title_level=&#8220;h2&#8243; title_font=&#8220;Prata||||||||&#8220; title_font_size=&#8220;42px&#8220; title_line_height=&#8220;1.4em&#8220; form_field_font=&#8220;||||||||&#8220; form_field_font_size=&#8220;16px&#8220; custom_button=&#8220;on&#8220; button_text_size=&#8220;14px&#8220; button_text_color=&#8220;#FFFFFF&#8220; button_bg_color=&#8220;#B0291D&#8220; button_border_width=&#8220;12px&#8220; button_border_color=&#8220;#B0291D&#8220; button_border_radius=&#8220;0px&#8220; button_letter_spacing=&#8220;4px&#8220; button_font=&#8220;|700||on|||||&#8220; button_icon=&#8220;&#x24;||divi||400&#8243; custom_margin=&#8220;|||&#8220; custom_padding=&#8220;|||&#8220; animation_style=&#8220;slide&#8220; animation_direction=&#8220;right&#8220; animation_intensity_slide=&#8220;5%&#8220; animation_starting_opacity=&#8220;100%&#8220; border_width_all=&#8220;1px&#8220; border_color_all=&#8220;rgba(0,0,0,0.12)&#8220; border_style_all=&#8220;solid&#8220; form_background_color=&#8220;rgba(0,0,0,0)&#8220; global_colors_info=&#8220;{}&#8220;][et_pb_contact_field field_id=&#8220;Nom&#8220; field_title=&#8220;Vorname, Name&#8220; _builder_version=&#8220;4.16&#8243; global_colors_info=&#8220;{}&#8220; button_text_size__hover_enabled=&#8220;off&#8220; button_one_text_size__hover_enabled=&#8220;off&#8220; button_two_text_size__hover_enabled=&#8220;off&#8220; button_text_color__hover_enabled=&#8220;off&#8220; button_one_text_color__hover_enabled=&#8220;off&#8220; button_two_text_color__hover_enabled=&#8220;off&#8220; button_border_width__hover_enabled=&#8220;off&#8220; button_one_border_width__hover_enabled=&#8220;off&#8220; button_two_border_width__hover_enabled=&#8220;off&#8220; button_border_color__hover_enabled=&#8220;off&#8220; button_one_border_color__hover_enabled=&#8220;off&#8220; button_two_border_color__hover_enabled=&#8220;off&#8220; button_border_radius__hover_enabled=&#8220;off&#8220; button_one_border_radius__hover_enabled=&#8220;off&#8220; button_two_border_radius__hover_enabled=&#8220;off&#8220; button_letter_spacing__hover_enabled=&#8220;off&#8220; button_one_letter_spacing__hover_enabled=&#8220;off&#8220; button_two_letter_spacing__hover_enabled=&#8220;off&#8220; button_bg_color__hover_enabled=&#8220;off&#8220; button_one_bg_color__hover_enabled=&#8220;off&#8220; button_two_bg_color__hover_enabled=&#8220;off&#8220;][\/et_pb_contact_field][et_pb_contact_field field_id=&#8220;Email&#8220; field_title=&#8220;E-mail Adresse&#8220; field_type=&#8220;email&#8220; _builder_version=&#8220;4.16&#8243; global_colors_info=&#8220;{}&#8220; button_text_size__hover_enabled=&#8220;off&#8220; button_one_text_size__hover_enabled=&#8220;off&#8220; button_two_text_size__hover_enabled=&#8220;off&#8220; button_text_color__hover_enabled=&#8220;off&#8220; button_one_text_color__hover_enabled=&#8220;off&#8220; button_two_text_color__hover_enabled=&#8220;off&#8220; button_border_width__hover_enabled=&#8220;off&#8220; button_one_border_width__hover_enabled=&#8220;off&#8220; button_two_border_width__hover_enabled=&#8220;off&#8220; button_border_color__hover_enabled=&#8220;off&#8220; button_one_border_color__hover_enabled=&#8220;off&#8220; button_two_border_color__hover_enabled=&#8220;off&#8220; button_border_radius__hover_enabled=&#8220;off&#8220; button_one_border_radius__hover_enabled=&#8220;off&#8220; button_two_border_radius__hover_enabled=&#8220;off&#8220; button_letter_spacing__hover_enabled=&#8220;off&#8220; button_one_letter_spacing__hover_enabled=&#8220;off&#8220; button_two_letter_spacing__hover_enabled=&#8220;off&#8220; button_bg_color__hover_enabled=&#8220;off&#8220; button_one_bg_color__hover_enabled=&#8220;off&#8220; button_two_bg_color__hover_enabled=&#8220;off&#8220;][\/et_pb_contact_field][et_pb_contact_field field_id=&#8220;Message&#8220; field_title=&#8220;Nachricht&#8220; field_type=&#8220;text&#8220; fullwidth_field=&#8220;on&#8220; _builder_version=&#8220;4.16&#8243; global_colors_info=&#8220;{}&#8220; button_text_size__hover_enabled=&#8220;off&#8220; button_one_text_size__hover_enabled=&#8220;off&#8220; button_two_text_size__hover_enabled=&#8220;off&#8220; button_text_color__hover_enabled=&#8220;off&#8220; button_one_text_color__hover_enabled=&#8220;off&#8220; button_two_text_color__hover_enabled=&#8220;off&#8220; button_border_width__hover_enabled=&#8220;off&#8220; button_one_border_width__hover_enabled=&#8220;off&#8220; button_two_border_width__hover_enabled=&#8220;off&#8220; button_border_color__hover_enabled=&#8220;off&#8220; button_one_border_color__hover_enabled=&#8220;off&#8220; button_two_border_color__hover_enabled=&#8220;off&#8220; button_border_radius__hover_enabled=&#8220;off&#8220; button_one_border_radius__hover_enabled=&#8220;off&#8220; button_two_border_radius__hover_enabled=&#8220;off&#8220; button_letter_spacing__hover_enabled=&#8220;off&#8220; button_one_letter_spacing__hover_enabled=&#8220;off&#8220; button_two_letter_spacing__hover_enabled=&#8220;off&#8220; button_bg_color__hover_enabled=&#8220;off&#8220; button_one_bg_color__hover_enabled=&#8220;off&#8220; button_two_bg_color__hover_enabled=&#8220;off&#8220;][\/et_pb_contact_field][\/et_pb_contact_form][\/et_pb_column][\/et_pb_row][et_pb_row module_id=&#8220;Plan&#8220; _builder_version=&#8220;4.16&#8243; global_colors_info=&#8220;{}&#8220;][et_pb_column type=&#8220;4_4&#8243; _builder_version=&#8220;4.16&#8243; custom_padding=&#8220;|||&#8220; global_colors_info=&#8220;{}&#8220; custom_padding__hover=&#8220;|||&#8220;][et_pb_text _builder_version=&#8220;4.16&#8243; _module_preset=&#8220;default&#8220; header_font=&#8220;Prata||||||||&#8220; header_font_size=&#8220;42px&#8220; global_colors_info=&#8220;{}&#8220;]<\/p>\n<h1>Besuchen Sie uns<\/h1>\n<p>[\/et_pb_text][et_pb_code _builder_version=&#8220;4.16&#8243; _module_preset=&#8220;default&#8220; module_alignment=&#8220;center&#8220; custom_margin=&#8220;||||false|false&#8220; custom_padding=&#8220;|0px||20px|false|false&#8220; border_style_all=&#8220;none&#8220; global_colors_info=&#8220;{}&#8220;]<iframe src=\"https:\/\/www.google.com\/maps\/embed?pb=!1m18!1m12!1m3!1d2745.4964548325574!2d6.635707651097828!3d46.51807707902518!2m3!1f0!2f0!3f0!3m2!1i1024!2i768!4f13.1!3m3!1m2!1s0x478e9cc92a79dc29%3A0x827dcabecc4a1b2a!2sSogeni%20SA!5e0!3m2!1sfr!2sfr!4v1629302824067!5m2!1sfr!2sfr\" width=\"900\" height=\"350\" style=\"border:0;\" allowfullscreen=\"\" loading=\"lazy\"><\/iframe>[\/et_pb_code][\/et_pb_column][\/et_pb_row][\/et_pb_section]<\/p>\n","protected":false},"excerpt":{"rendered":"<p>Kontakt Wir stehen Ihnen f\u00fcr alle Anfragen zur Verf\u00fcgung.+41 21 925 92 30info@sogeni.com &nbsp; &nbsp;Sogeni SA Avenue du Th\u00e9\u00e2tre 7 1005 Lausanne &#8211; SchweizBesuchen Sie uns<\/p>\n","protected":false},"author":1,"featured_media":0,"parent":0,"menu_order":0,"comment_status":"closed","ping_status":"closed","template":"","meta":{"_et_pb_use_builder":"on","_et_pb_old_content":"","_et_gb_content_width":"","footnotes":""},"class_list":["post-31352","page","type-page","status-publish","hentry"],"yoast_head":"<!-- This site is optimized with the Yoast SEO plugin v27.1.1 - https:\/\/yoast.com\/product\/yoast-seo-wordpress\/ -->\n<title>Nehmen Sie direkten Kontakt mit Genealogiespezialisten auf&#8226; Sogeni<\/title>\n<meta name=\"description\" content=\"Sogeni steht Ihnen f\u00fcr alle Anfragen und Informationen zur Erbschaftsgenealogie und zur Erbenermittlung zur Verf\u00fcgung.\" \/>\n<meta name=\"robots\" content=\"index, follow, max-snippet:-1, max-image-preview:large, max-video-preview:-1\" \/>\n<link rel=\"canonical\" href=\"https:\/\/sogeni.com\/contact\/\" \/>\n<meta property=\"og:locale\" content=\"de_DE\" \/>\n<meta property=\"og:type\" content=\"article\" \/>\n<meta property=\"og:title\" content=\"Nehmen Sie direkten Kontakt mit Genealogiespezialisten auf&#8226; Sogeni\" \/>\n<meta property=\"og:description\" content=\"Sogeni steht Ihnen f\u00fcr alle Anfragen und Informationen zur Erbschaftsgenealogie und zur Erbenermittlung zur Verf\u00fcgung.\" \/>\n<meta property=\"og:url\" content=\"https:\/\/sogeni.com\/contact\/\" \/>\n<meta property=\"og:site_name\" content=\"Sogeni\" \/>\n<meta property=\"article:modified_time\" content=\"2023-01-24T14:43:13+00:00\" \/>\n<meta name=\"twitter:card\" content=\"summary_large_image\" \/>\n<meta name=\"twitter:label1\" content=\"Gesch\u00e4tzte Lesezeit\" \/>\n\t<meta name=\"twitter:data1\" content=\"8\u00a0Minuten\" \/>\n<script type=\"application\/ld+json\" class=\"yoast-schema-graph\">{\"@context\":\"https:\/\/schema.org\",\"@graph\":[{\"@type\":\"WebPage\",\"@id\":\"https:\/\/sogeni.com\/contact\/\",\"url\":\"https:\/\/sogeni.com\/contact\/\",\"name\":\"Nehmen Sie direkten Kontakt mit Genealogiespezialisten auf&#8226; Sogeni\",\"isPartOf\":{\"@id\":\"https:\/\/sogeni.com\/#website\"},\"datePublished\":\"2021-10-15T09:23:14+00:00\",\"dateModified\":\"2023-01-24T14:43:13+00:00\",\"description\":\"Sogeni steht Ihnen f\u00fcr alle Anfragen und Informationen zur Erbschaftsgenealogie und zur Erbenermittlung zur Verf\u00fcgung.\",\"breadcrumb\":{\"@id\":\"https:\/\/sogeni.com\/contact\/#breadcrumb\"},\"inLanguage\":\"de\",\"potentialAction\":[{\"@type\":\"ReadAction\",\"target\":[\"https:\/\/sogeni.com\/contact\/\"]}]},{\"@type\":\"BreadcrumbList\",\"@id\":\"https:\/\/sogeni.com\/contact\/#breadcrumb\",\"itemListElement\":[{\"@type\":\"ListItem\",\"position\":1,\"name\":\"Accueil\",\"item\":\"https:\/\/sogeni.com\/de\/\"},{\"@type\":\"ListItem\",\"position\":2,\"name\":\"KONTAKT\"}]},{\"@type\":\"WebSite\",\"@id\":\"https:\/\/sogeni.com\/#website\",\"url\":\"https:\/\/sogeni.com\/\",\"name\":\"Sogeni\",\"description\":\"Recherches d&#039;h\u00e9ritiers, g\u00e9n\u00e9alogie successorale.\",\"publisher\":{\"@id\":\"https:\/\/sogeni.com\/#organization\"},\"potentialAction\":[{\"@type\":\"SearchAction\",\"target\":{\"@type\":\"EntryPoint\",\"urlTemplate\":\"https:\/\/sogeni.com\/?s={search_term_string}\"},\"query-input\":{\"@type\":\"PropertyValueSpecification\",\"valueRequired\":true,\"valueName\":\"search_term_string\"}}],\"inLanguage\":\"de\"},{\"@type\":\"Organization\",\"@id\":\"https:\/\/sogeni.com\/#organization\",\"name\":\"Sogeni SA\",\"url\":\"https:\/\/sogeni.com\/\",\"logo\":{\"@type\":\"ImageObject\",\"inLanguage\":\"de\",\"@id\":\"https:\/\/sogeni.com\/#\/schema\/logo\/image\/\",\"url\":\"https:\/\/sogeni.theswisspeak.ch\/wp-content\/uploads\/2021\/08\/Logo_Sogeni_0.png\",\"contentUrl\":\"https:\/\/sogeni.theswisspeak.ch\/wp-content\/uploads\/2021\/08\/Logo_Sogeni_0.png\",\"width\":656,\"height\":900,\"caption\":\"Sogeni SA\"},\"image\":{\"@id\":\"https:\/\/sogeni.com\/#\/schema\/logo\/image\/\"}}]}<\/script>\n<!-- \/ Yoast SEO plugin. -->","yoast_head_json":{"title":"Nehmen Sie direkten Kontakt mit Genealogiespezialisten auf&#8226; Sogeni","description":"Sogeni steht Ihnen f\u00fcr alle Anfragen und Informationen zur Erbschaftsgenealogie und zur Erbenermittlung zur Verf\u00fcgung.","robots":{"index":"index","follow":"follow","max-snippet":"max-snippet:-1","max-image-preview":"max-image-preview:large","max-video-preview":"max-video-preview:-1"},"canonical":"https:\/\/sogeni.com\/contact\/","og_locale":"de_DE","og_type":"article","og_title":"Nehmen Sie direkten Kontakt mit Genealogiespezialisten auf&#8226; Sogeni","og_description":"Sogeni steht Ihnen f\u00fcr alle Anfragen und Informationen zur Erbschaftsgenealogie und zur Erbenermittlung zur Verf\u00fcgung.","og_url":"https:\/\/sogeni.com\/contact\/","og_site_name":"Sogeni","article_modified_time":"2023-01-24T14:43:13+00:00","twitter_card":"summary_large_image","twitter_misc":{"Gesch\u00e4tzte Lesezeit":"8\u00a0Minuten"},"schema":{"@context":"https:\/\/schema.org","@graph":[{"@type":"WebPage","@id":"https:\/\/sogeni.com\/contact\/","url":"https:\/\/sogeni.com\/contact\/","name":"Nehmen Sie direkten Kontakt mit Genealogiespezialisten auf&#8226; Sogeni","isPartOf":{"@id":"https:\/\/sogeni.com\/#website"},"datePublished":"2021-10-15T09:23:14+00:00","dateModified":"2023-01-24T14:43:13+00:00","description":"Sogeni steht Ihnen f\u00fcr alle Anfragen und Informationen zur Erbschaftsgenealogie und zur Erbenermittlung zur Verf\u00fcgung.","breadcrumb":{"@id":"https:\/\/sogeni.com\/contact\/#breadcrumb"},"inLanguage":"de","potentialAction":[{"@type":"ReadAction","target":["https:\/\/sogeni.com\/contact\/"]}]},{"@type":"BreadcrumbList","@id":"https:\/\/sogeni.com\/contact\/#breadcrumb","itemListElement":[{"@type":"ListItem","position":1,"name":"Accueil","item":"https:\/\/sogeni.com\/de\/"},{"@type":"ListItem","position":2,"name":"KONTAKT"}]},{"@type":"WebSite","@id":"https:\/\/sogeni.com\/#website","url":"https:\/\/sogeni.com\/","name":"Sogeni","description":"Recherches d&#039;h\u00e9ritiers, g\u00e9n\u00e9alogie successorale.","publisher":{"@id":"https:\/\/sogeni.com\/#organization"},"potentialAction":[{"@type":"SearchAction","target":{"@type":"EntryPoint","urlTemplate":"https:\/\/sogeni.com\/?s={search_term_string}"},"query-input":{"@type":"PropertyValueSpecification","valueRequired":true,"valueName":"search_term_string"}}],"inLanguage":"de"},{"@type":"Organization","@id":"https:\/\/sogeni.com\/#organization","name":"Sogeni SA","url":"https:\/\/sogeni.com\/","logo":{"@type":"ImageObject","inLanguage":"de","@id":"https:\/\/sogeni.com\/#\/schema\/logo\/image\/","url":"https:\/\/sogeni.theswisspeak.ch\/wp-content\/uploads\/2021\/08\/Logo_Sogeni_0.png","contentUrl":"https:\/\/sogeni.theswisspeak.ch\/wp-content\/uploads\/2021\/08\/Logo_Sogeni_0.png","width":656,"height":900,"caption":"Sogeni SA"},"image":{"@id":"https:\/\/sogeni.com\/#\/schema\/logo\/image\/"}}]}},"_links":{"self":[{"href":"https:\/\/sogeni.com\/de\/wp-json\/wp\/v2\/pages\/31352","targetHints":{"allow":["GET"]}}],"collection":[{"href":"https:\/\/sogeni.com\/de\/wp-json\/wp\/v2\/pages"}],"about":[{"href":"https:\/\/sogeni.com\/de\/wp-json\/wp\/v2\/types\/page"}],"author":[{"embeddable":true,"href":"https:\/\/sogeni.com\/de\/wp-json\/wp\/v2\/users\/1"}],"replies":[{"embeddable":true,"href":"https:\/\/sogeni.com\/de\/wp-json\/wp\/v2\/comments?post=31352"}],"version-history":[{"count":3,"href":"https:\/\/sogeni.com\/de\/wp-json\/wp\/v2\/pages\/31352\/revisions"}],"predecessor-version":[{"id":32177,"href":"https:\/\/sogeni.com\/de\/wp-json\/wp\/v2\/pages\/31352\/revisions\/32177"}],"wp:attachment":[{"href":"https:\/\/sogeni.com\/de\/wp-json\/wp\/v2\/media?parent=31352"}],"curies":[{"name":"wp","href":"https:\/\/api.w.org\/{rel}","templated":true}]}}