{"id":31349,"date":"2021-10-15T11:01:28","date_gmt":"2021-10-15T09:01:28","guid":{"rendered":"https:\/\/sogeni.com\/verfahren-und-schritte\/"},"modified":"2025-02-03T13:59:22","modified_gmt":"2025-02-03T12:59:22","slug":"verfahren-und-schritte","status":"publish","type":"page","link":"https:\/\/sogeni.com\/de\/verfahren-und-schritte\/","title":{"rendered":"Verfahren-und-Schritte"},"content":{"rendered":"<p>[et_pb_section fb_built=&#8220;1&#8243; _builder_version=&#8220;4.27.4&#8243; _module_preset=&#8220;default&#8220; background_image=&#8220;https:\/\/sogeni.com\/wp-content\/uploads\/2023\/03\/Heritiers_Sogeni-New.jpeg&#8220; background_position=&#8220;bottom_center&#8220; custom_padding=&#8220;||40px||false|false&#8220; hover_enabled=&#8220;0&#8243; global_colors_info=&#8220;{}&#8220; alt=&#8220;Vieux documents d&#8217;identit\u00e9&#8220; title_text=&#8220;vintage family photo album and documents&#8220; sticky_enabled=&#8220;0&#8243;][et_pb_row admin_label=&#8220;Welcome Area&#8220; _builder_version=&#8220;4.16&#8243; global_colors_info=&#8220;{}&#8220;][et_pb_column type=&#8220;4_4&#8243; _builder_version=&#8220;4.16&#8243; custom_padding=&#8220;|||&#8220; global_colors_info=&#8220;{}&#8220; custom_padding__hover=&#8220;|||&#8220;][et_pb_text admin_label=&#8220;Title&#8220; _builder_version=&#8220;4.16&#8243; text_font=&#8220;||||||||&#8220; header_font=&#8220;||||||||&#8220; header_2_font=&#8220;Prata||||||||&#8220; header_2_text_align=&#8220;center&#8220; header_2_text_color=&#8220;#FFFFFF&#8220; header_2_font_size=&#8220;90px&#8220; header_2_line_height=&#8220;1.6em&#8220; custom_margin=&#8220;||10px|&#8220; custom_padding=&#8220;|||&#8220; animation_style=&#8220;fade&#8220; header_2_font_size_tablet=&#8220;40px&#8220; header_2_font_size_phone=&#8220;&#8220; header_2_font_size_last_edited=&#8220;on|tablet&#8220; header_2_text_shadow_style=&#8220;preset2&#8243; global_colors_info=&#8220;{}&#8220;]<\/p>\n<h2>Erben<\/h2>\n<p>[\/et_pb_text][\/et_pb_column][\/et_pb_row][\/et_pb_section][et_pb_section fb_built=&#8220;1&#8243; admin_label=&#8220;#Recherche_heritiers&#8220; module_id=&#8220;Schritte&#8220; _builder_version=&#8220;4.16&#8243; custom_padding=&#8220;0px||0px||false|false&#8220; border_color_all=&#8220;rgba(255,186,96,0.6)&#8220; border_width_right=&#8220;0vw&#8220; border_color_right=&#8220;#242424&#8243; border_width_left=&#8220;10vw&#8220; border_color_left=&#8220;#B0291D&#8220; global_colors_info=&#8220;{}&#8220;][et_pb_row admin_label=&#8220;Quote Area&#8220; _builder_version=&#8220;4.16&#8243; width_tablet=&#8220;&#8220; width_phone=&#8220;87%&#8220; width_last_edited=&#8220;on|phone&#8220; animation_style=&#8220;slide&#8220; animation_direction=&#8220;right&#8220; animation_intensity_slide=&#8220;2%&#8220; global_colors_info=&#8220;{}&#8220;][et_pb_column type=&#8220;4_4&#8243; _builder_version=&#8220;4.16&#8243; custom_padding=&#8220;|||&#8220; global_colors_info=&#8220;{}&#8220; custom_padding__hover=&#8220;|||&#8220;][et_pb_text admin_label=&#8220;Title&#8220; _builder_version=&#8220;4.16&#8243; text_font=&#8220;||||||||&#8220; header_font=&#8220;||||||||&#8220; header_2_font=&#8220;Prata||||||||&#8220; header_2_text_align=&#8220;left&#8220; header_2_text_color=&#8220;#B0291D&#8220; header_2_font_size=&#8220;48px&#8220; header_2_line_height=&#8220;1.6em&#8220; custom_margin=&#8220;||10px|&#8220; custom_padding=&#8220;|||&#8220; animation_style=&#8220;fade&#8220; header_2_font_size_tablet=&#8220;40px&#8220; header_2_font_size_phone=&#8220;28px&#8220; header_2_font_size_last_edited=&#8220;on|tablet&#8220; global_colors_info=&#8220;{}&#8220;]<\/p>\n<h2><span>Was sind die Schritte und Verfahren zur Geltendmachung meiner Erbrechte?<\/span><\/h2>\n<p>[\/et_pb_text][et_pb_text _builder_version=&#8220;4.16&#8243; text_font=&#8220;Prata||||||||&#8220; text_font_size=&#8220;23px&#8220; text_letter_spacing=&#8220;1px&#8220; text_line_height=&#8220;1.8em&#8220; header_font=&#8220;||||||||&#8220; text_orientation=&#8220;justified&#8220; max_width=&#8220;700px&#8220; module_alignment=&#8220;center&#8220; custom_margin=&#8220;||0px||false|false&#8220; custom_padding=&#8220;|||30px&#8220; animation_style=&#8220;flip&#8220; animation_intensity_flip=&#8220;5%&#8220; animation_starting_opacity=&#8220;100%&#8220; text_font_size_tablet=&#8220;&#8220; text_font_size_phone=&#8220;17px&#8220; text_font_size_last_edited=&#8220;on|phone&#8220; border_color_all=&#8220;#313e47&#8243; border_width_left=&#8220;10px&#8220; border_color_left=&#8220;#B0291D&#8220; global_colors_info=&#8220;{}&#8220;]<\/p>\n<p>Vom Vertrag mit Sogeni bis zum Eingang der Ihnen zustehenden Gelder aus dem Nachlass ist ein Prozess zu durchlaufen, bei dem wir alle Vorg\u00e4nge begleiten und koordinieren.<\/p>\n<p style=\"padding-left: 40px;\">\n<p>[\/et_pb_text][et_pb_text _builder_version=&#8220;4.16&#8243; text_font=&#8220;||||||||&#8220; text_font_size=&#8220;16px&#8220; text_line_height=&#8220;2em&#8220; custom_margin=&#8220;||||false|false&#8220; custom_padding=&#8220;30px||0px||false|false&#8220; animation_style=&#8220;fade&#8220; global_colors_info=&#8220;{}&#8220;]<\/p>\n<p><em><strong>Unterzeichnung der Zustimmung und der besonderen Vollmacht<\/strong><\/em><\/p>\n<p style=\"text-align: justify;\">Sobald ein Erbe gefunden ist, setzt sich Sogeni mit ihm in Verbindung, um ihm eine <em>Zustimmung<\/em> vorzulegen. In dieser Vereinbarung verpflichtet sich Sogeni, dem Erben einen Nachweis \u00fcber seine Rechte an dem Nachlass zu erbringen, den sie ihm offenlegen will. Mit der Unterzeichnung dieser Zustimmung und einer <em>besonderen Vollmacht<\/em> zur Durchf\u00fchrung bestimmter Verwaltungsverfahren beauftragt der Erbe Sogeni, seine Eigenschaft als Berechtigter offiziell zu erbringen. In der Zustimmung wird auch die Verg\u00fctung von Sogeni festgelegt, die nur dann f\u00e4llig wird, wenn der Nachlass positiv ist und angenommen wird.<\/p>\n<p style=\"text-align: justify;\">Die Unterzeichnung der Zustimmung und der besonderen Vollmacht ist daher der Ausgangspunkt des Prozesses, der es dem Erben erm\u00f6glicht, seine Rechte geltend zu machen.<\/p>\n<p style=\"text-align: justify;\">NB: Im besonderen Fall von R\u00fcckst\u00e4nden oder Verm\u00f6genswerten, die bei der Teilung eines bereits abgewickelten Nachlasses nicht ber\u00fccksichtigt wurden, wird dem Erbe anstatt der Zustimmung direkt ein <em>Offenbarungsvertrag<\/em> vorgelegt.<\/p>\n<p style=\"text-align: justify;\">\n<p style=\"text-align: justify;\"><strong><em>Einreichung der Erbenakte bei den Beh\u00f6rden<\/em><\/strong><\/p>\n<p style=\"text-align: justify;\">Auf der Grundlage des vom Erben erteilten Mandats kann Sogeni eine Akte zusammenstellen mit dem Ziel, seine Rechtstellung anerkannt zu machen. Die Akte enth\u00e4lt alle amtlichen Dokumente, die die famili\u00e4ren Bindungen zwischen dem Erben und dem Verstorbenen belegen.<\/p>\n<p><strong><em>Offenbarung<\/em><\/strong><\/p>\n<p style=\"text-align: justify;\">Nach Annahme der Akte durch die Beh\u00f6rden und gegebenenfalls nach Ablauf der Frist, innerhalb derer sich die Erben, die den Nachlass beanspruchen, melden k\u00f6nnen, kann Sogeni dem Erben die Identit\u00e4t des Verstorbenen mitteilen. Zu diesem Zeitpunkt sind die Verm\u00f6genswerte des Nachlasses Sogeni im Allgemeinen noch nicht bekannt.<\/p>\n<p><strong><em>Offenlegung des Inventars und Annahme oder Ausschlagung des Nachlasses<\/em><\/strong><\/p>\n<p style=\"text-align: justify;\">Einige Zeit nach Ablauf der Verwaltungsfrist legen die Beh\u00f6rden das Inventar der Verm\u00f6genswerte und Verbindlichkeiten des Nachlasses offen. Es stehen dann zwei Alternativen zur Verf\u00fcgung :<\/p>\n<ul>\n<li>Annahme des Nachlasses und Beantragung des Erbscheins im Falle eines positiven Netto-Nachlasses<\/li>\n<li>Ausschlagung des Nachlasses im Falle eines negativen Nettonachlasses.<\/li>\n<\/ul>\n<p style=\"text-align: justify;\">Wird die Erbschaft ausgeschlagen, endet das Mandat von Sogeni und alle bis dahin angefallenen Kosten verbleiben bei ihr. Der Beg\u00fcnstigte erbt keine Schulden und hat keine Kosten zu tragen.<\/p>\n<p><strong><em>Nachlassregelung und Auszahlung der den Erben zustehenden Betr\u00e4ge<\/em><\/strong><\/p>\n<p style=\"text-align: justify;\">Im Falle eines positiven Nachlasses wird das Verfahren mit allen Schritten fortgesetzt, die mit der Liquidation und Aufteilung des Nachlasses verbunden sind. In dieser Phase ist Sogeni f\u00fcr die Durchf\u00fchrung oder Koordinierung aller Ma\u00dfnahmen im Interesse der von ihr vertretenen Erben verantwortlich. Da sie von diesen eine Vollmacht f\u00fcr diese Zwecke erhalten hat, stellt sie sicher, dass die Aufteilung im Einklang mit dem geltenden Recht erfolgt und dass der Nachlass in voller \u00dcbereinstimmung mit den Steuer- und Rechtsbeh\u00f6rden abgewickelt wird.<\/p>\n<p style=\"text-align: justify;\">Nach der Abwicklung des Nachlasses erh\u00e4lt jeder Erbe seinen Anteil am Erbe, abz\u00fcglich der Erbschaftssteuer und der Verg\u00fctung von Sogeni f\u00fcr die erbrachten Leistungen gem\u00e4\u00df den in der <em>Zustimmung<\/em> (gegebenenfalls in dem <em>Offenbarungsvertrag<\/em>) festgelegten S\u00e4tzen.<\/p>\n<p>[\/et_pb_text][\/et_pb_column][\/et_pb_row][\/et_pb_section][et_pb_section fb_built=&#8220;1&#8243; admin_label=&#8220;#Recherche_heritiers&#8220; module_id=&#8220;H\u00e4ufige Fragen&#8220; _builder_version=&#8220;4.16&#8243; custom_padding=&#8220;||0px||false|false&#8220; border_color_all=&#8220;rgba(255,186,96,0.6)&#8220; border_width_right=&#8220;0vw&#8220; border_color_right=&#8220;#242424&#8243; border_width_left=&#8220;10vw&#8220; border_color_left=&#8220;#6B6B6B&#8220; global_colors_info=&#8220;{}&#8220;][\/et_pb_section]<\/p>\n","protected":false},"excerpt":{"rendered":"<p>ErbenWas sind die Schritte und Verfahren zur Geltendmachung meiner Erbrechte?Vom Vertrag mit Sogeni bis zum Eingang der Ihnen zustehenden Gelder aus dem Nachlass ist ein Prozess zu durchlaufen, bei dem wir alle Vorg\u00e4nge begleiten und koordinieren. Unterzeichnung der Zustimmung und der besonderen Vollmacht Sobald ein Erbe gefunden ist, setzt sich Sogeni mit ihm in Verbindung, [&hellip;]<\/p>\n","protected":false},"author":2,"featured_media":0,"parent":0,"menu_order":0,"comment_status":"closed","ping_status":"closed","template":"","meta":{"_et_pb_use_builder":"on","_et_pb_old_content":"","_et_gb_content_width":"","footnotes":""},"class_list":["post-31349","page","type-page","status-publish","hentry"],"yoast_head":"<!-- This site is optimized with the Yoast SEO plugin v27.1.1 - https:\/\/yoast.com\/product\/yoast-seo-wordpress\/ -->\n<title>Internationale Erbenermittlung &#8226; Sogeni<\/title>\n<meta name=\"description\" content=\"Sind Sie von einer Erbensuche betroffen ? Suchen Sie nach einem Erben? Erfahren Sie alles, was Sie wissen m\u00fcssen.\" \/>\n<meta name=\"robots\" content=\"index, follow, max-snippet:-1, max-image-preview:large, max-video-preview:-1\" \/>\n<link rel=\"canonical\" href=\"https:\/\/sogeni.com\/etapes-et-modalites\/\" \/>\n<meta property=\"og:locale\" content=\"de_DE\" \/>\n<meta property=\"og:type\" content=\"article\" \/>\n<meta property=\"og:title\" content=\"Internationale Erbenermittlung &#8226; Sogeni\" \/>\n<meta property=\"og:description\" content=\"Sind Sie von einer Erbensuche betroffen ? Suchen Sie nach einem Erben? Erfahren Sie alles, was Sie wissen m\u00fcssen.\" \/>\n<meta property=\"og:url\" content=\"https:\/\/sogeni.com\/etapes-et-modalites\/\" \/>\n<meta property=\"og:site_name\" content=\"Sogeni\" \/>\n<meta property=\"article:modified_time\" content=\"2025-02-03T12:59:22+00:00\" \/>\n<meta name=\"twitter:card\" content=\"summary_large_image\" \/>\n<meta name=\"twitter:label1\" content=\"Gesch\u00e4tzte Lesezeit\" \/>\n\t<meta name=\"twitter:data1\" content=\"5\u00a0Minuten\" \/>\n<script type=\"application\/ld+json\" class=\"yoast-schema-graph\">{\"@context\":\"https:\/\/schema.org\",\"@graph\":[{\"@type\":\"WebPage\",\"@id\":\"https:\/\/sogeni.com\/etapes-et-modalites\/\",\"url\":\"https:\/\/sogeni.com\/etapes-et-modalites\/\",\"name\":\"Internationale Erbenermittlung &#8226; Sogeni\",\"isPartOf\":{\"@id\":\"https:\/\/sogeni.com\/#website\"},\"datePublished\":\"2021-10-15T09:01:28+00:00\",\"dateModified\":\"2025-02-03T12:59:22+00:00\",\"description\":\"Sind Sie von einer Erbensuche betroffen ? Suchen Sie nach einem Erben? Erfahren Sie alles, was Sie wissen m\u00fcssen.\",\"breadcrumb\":{\"@id\":\"https:\/\/sogeni.com\/etapes-et-modalites\/#breadcrumb\"},\"inLanguage\":\"de\",\"potentialAction\":[{\"@type\":\"ReadAction\",\"target\":[\"https:\/\/sogeni.com\/etapes-et-modalites\/\"]}]},{\"@type\":\"BreadcrumbList\",\"@id\":\"https:\/\/sogeni.com\/etapes-et-modalites\/#breadcrumb\",\"itemListElement\":[{\"@type\":\"ListItem\",\"position\":1,\"name\":\"Accueil\",\"item\":\"https:\/\/sogeni.com\/de\/\"},{\"@type\":\"ListItem\",\"position\":2,\"name\":\"Verfahren-und-Schritte\"}]},{\"@type\":\"WebSite\",\"@id\":\"https:\/\/sogeni.com\/#website\",\"url\":\"https:\/\/sogeni.com\/\",\"name\":\"Sogeni\",\"description\":\"Recherches d&#039;h\u00e9ritiers, g\u00e9n\u00e9alogie successorale.\",\"publisher\":{\"@id\":\"https:\/\/sogeni.com\/#organization\"},\"potentialAction\":[{\"@type\":\"SearchAction\",\"target\":{\"@type\":\"EntryPoint\",\"urlTemplate\":\"https:\/\/sogeni.com\/?s={search_term_string}\"},\"query-input\":{\"@type\":\"PropertyValueSpecification\",\"valueRequired\":true,\"valueName\":\"search_term_string\"}}],\"inLanguage\":\"de\"},{\"@type\":\"Organization\",\"@id\":\"https:\/\/sogeni.com\/#organization\",\"name\":\"Sogeni SA\",\"url\":\"https:\/\/sogeni.com\/\",\"logo\":{\"@type\":\"ImageObject\",\"inLanguage\":\"de\",\"@id\":\"https:\/\/sogeni.com\/#\/schema\/logo\/image\/\",\"url\":\"https:\/\/sogeni.theswisspeak.ch\/wp-content\/uploads\/2021\/08\/Logo_Sogeni_0.png\",\"contentUrl\":\"https:\/\/sogeni.theswisspeak.ch\/wp-content\/uploads\/2021\/08\/Logo_Sogeni_0.png\",\"width\":656,\"height\":900,\"caption\":\"Sogeni SA\"},\"image\":{\"@id\":\"https:\/\/sogeni.com\/#\/schema\/logo\/image\/\"}}]}<\/script>\n<!-- \/ Yoast SEO plugin. -->","yoast_head_json":{"title":"Internationale Erbenermittlung &#8226; Sogeni","description":"Sind Sie von einer Erbensuche betroffen ? Suchen Sie nach einem Erben? Erfahren Sie alles, was Sie wissen m\u00fcssen.","robots":{"index":"index","follow":"follow","max-snippet":"max-snippet:-1","max-image-preview":"max-image-preview:large","max-video-preview":"max-video-preview:-1"},"canonical":"https:\/\/sogeni.com\/etapes-et-modalites\/","og_locale":"de_DE","og_type":"article","og_title":"Internationale Erbenermittlung &#8226; Sogeni","og_description":"Sind Sie von einer Erbensuche betroffen ? Suchen Sie nach einem Erben? Erfahren Sie alles, was Sie wissen m\u00fcssen.","og_url":"https:\/\/sogeni.com\/etapes-et-modalites\/","og_site_name":"Sogeni","article_modified_time":"2025-02-03T12:59:22+00:00","twitter_card":"summary_large_image","twitter_misc":{"Gesch\u00e4tzte Lesezeit":"5\u00a0Minuten"},"schema":{"@context":"https:\/\/schema.org","@graph":[{"@type":"WebPage","@id":"https:\/\/sogeni.com\/etapes-et-modalites\/","url":"https:\/\/sogeni.com\/etapes-et-modalites\/","name":"Internationale Erbenermittlung &#8226; Sogeni","isPartOf":{"@id":"https:\/\/sogeni.com\/#website"},"datePublished":"2021-10-15T09:01:28+00:00","dateModified":"2025-02-03T12:59:22+00:00","description":"Sind Sie von einer Erbensuche betroffen ? Suchen Sie nach einem Erben? Erfahren Sie alles, was Sie wissen m\u00fcssen.","breadcrumb":{"@id":"https:\/\/sogeni.com\/etapes-et-modalites\/#breadcrumb"},"inLanguage":"de","potentialAction":[{"@type":"ReadAction","target":["https:\/\/sogeni.com\/etapes-et-modalites\/"]}]},{"@type":"BreadcrumbList","@id":"https:\/\/sogeni.com\/etapes-et-modalites\/#breadcrumb","itemListElement":[{"@type":"ListItem","position":1,"name":"Accueil","item":"https:\/\/sogeni.com\/de\/"},{"@type":"ListItem","position":2,"name":"Verfahren-und-Schritte"}]},{"@type":"WebSite","@id":"https:\/\/sogeni.com\/#website","url":"https:\/\/sogeni.com\/","name":"Sogeni","description":"Recherches d&#039;h\u00e9ritiers, g\u00e9n\u00e9alogie successorale.","publisher":{"@id":"https:\/\/sogeni.com\/#organization"},"potentialAction":[{"@type":"SearchAction","target":{"@type":"EntryPoint","urlTemplate":"https:\/\/sogeni.com\/?s={search_term_string}"},"query-input":{"@type":"PropertyValueSpecification","valueRequired":true,"valueName":"search_term_string"}}],"inLanguage":"de"},{"@type":"Organization","@id":"https:\/\/sogeni.com\/#organization","name":"Sogeni SA","url":"https:\/\/sogeni.com\/","logo":{"@type":"ImageObject","inLanguage":"de","@id":"https:\/\/sogeni.com\/#\/schema\/logo\/image\/","url":"https:\/\/sogeni.theswisspeak.ch\/wp-content\/uploads\/2021\/08\/Logo_Sogeni_0.png","contentUrl":"https:\/\/sogeni.theswisspeak.ch\/wp-content\/uploads\/2021\/08\/Logo_Sogeni_0.png","width":656,"height":900,"caption":"Sogeni SA"},"image":{"@id":"https:\/\/sogeni.com\/#\/schema\/logo\/image\/"}}]}},"_links":{"self":[{"href":"https:\/\/sogeni.com\/de\/wp-json\/wp\/v2\/pages\/31349","targetHints":{"allow":["GET"]}}],"collection":[{"href":"https:\/\/sogeni.com\/de\/wp-json\/wp\/v2\/pages"}],"about":[{"href":"https:\/\/sogeni.com\/de\/wp-json\/wp\/v2\/types\/page"}],"author":[{"embeddable":true,"href":"https:\/\/sogeni.com\/de\/wp-json\/wp\/v2\/users\/2"}],"replies":[{"embeddable":true,"href":"https:\/\/sogeni.com\/de\/wp-json\/wp\/v2\/comments?post=31349"}],"version-history":[{"count":3,"href":"https:\/\/sogeni.com\/de\/wp-json\/wp\/v2\/pages\/31349\/revisions"}],"predecessor-version":[{"id":32676,"href":"https:\/\/sogeni.com\/de\/wp-json\/wp\/v2\/pages\/31349\/revisions\/32676"}],"wp:attachment":[{"href":"https:\/\/sogeni.com\/de\/wp-json\/wp\/v2\/media?parent=31349"}],"curies":[{"name":"wp","href":"https:\/\/api.w.org\/{rel}","templated":true}]}}